{"id":15527,"date":"2012-11-23T12:32:43","date_gmt":"2012-11-23T12:32:43","guid":{"rendered":"http:\/\/li-mac.org\/?page_id=15527"},"modified":"2012-12-10T10:18:25","modified_gmt":"2012-12-10T10:18:25","slug":"shipwrewck-simulator","status":"publish","type":"page","link":"https:\/\/li-mac.org\/es\/collection\/limac-collection\/fernando-sanchez-castillo\/info\/shipwrewck-simulator\/","title":{"rendered":"Simulador de naufragios"},"content":{"rendered":"<p>Simulador de naufragios recrea todas las condiciones posibles de oleaje a las que un peque\u00f1o barco se enfrentar\u00eda en caso de tormenta. Luces de diferente tipo nos permiten estudiar las formas de las olas o como se comporta la estructura del barco. Una c\u00e1mara de video recoge las im\u00e1genes que se producen en el interior, y que son ampliadas al proyectarse en la pared. Fernando S\u00e1nchez Castillo estaba estudiando la fascinaci\u00f3n por el desastre y el caos; una instalaci\u00f3n en la que una m\u00e1quina crea una tormenta en una pecera en la que un peque\u00f1o bote naufraga sin cesar. Una c\u00e1mara de video recoge las im\u00e1genes que se producen en el interior que, al proyectarse en la pared, nos hacen creer que el acontecimiento est\u00e1 teniendo lugar a escala real.<\/p>\n<div><span style=\"color: #333333; font-family: sans-serif; font-size: 11.818181991577148px; line-height: 20px; white-space: pre-wrap; background-color: #ffffff;\"><br \/>\n<\/span><\/div>\n<p><\/p>","protected":false},"excerpt":{"rendered":"<p><strong>Fernando S\u00e1nchez Castillo<\/strong> <small>(Espa\u00f1a,1970)<\/small><br \/>\n1998<br \/>\nMotor el\u00e9ctrico, video proyector y acuario<br \/>\ndimensiones variables<\/p>\n<p><small>(Cortes\u00eda del artista)<\/small><\/p>\n","protected":false},"author":3,"featured_media":15772,"parent":15519,"menu_order":0,"comment_status":"open","ping_status":"open","template":"image.php","meta":{"footnotes":""},"class_list":["post-15527","page","type-page","status-publish","has-post-thumbnail","hentry"],"_links":{"self":[{"href":"https:\/\/li-mac.org\/es\/wp-json\/wp\/v2\/pages\/15527","targetHints":{"allow":["GET"]}}],"collection":[{"href":"https:\/\/li-mac.org\/es\/wp-json\/wp\/v2\/pages"}],"about":[{"href":"https:\/\/li-mac.org\/es\/wp-json\/wp\/v2\/types\/page"}],"author":[{"embeddable":true,"href":"https:\/\/li-mac.org\/es\/wp-json\/wp\/v2\/users\/3"}],"replies":[{"embeddable":true,"href":"https:\/\/li-mac.org\/es\/wp-json\/wp\/v2\/comments?post=15527"}],"version-history":[{"count":14,"href":"https:\/\/li-mac.org\/es\/wp-json\/wp\/v2\/pages\/15527\/revisions"}],"predecessor-version":[{"id":16075,"href":"https:\/\/li-mac.org\/es\/wp-json\/wp\/v2\/pages\/15527\/revisions\/16075"}],"up":[{"embeddable":true,"href":"https:\/\/li-mac.org\/es\/wp-json\/wp\/v2\/pages\/15519"}],"wp:featuredmedia":[{"embeddable":true,"href":"https:\/\/li-mac.org\/es\/wp-json\/wp\/v2\/media\/15772"}],"wp:attachment":[{"href":"https:\/\/li-mac.org\/es\/wp-json\/wp\/v2\/media?parent=15527"}],"curies":[{"name":"wp","href":"https:\/\/api.w.org\/{rel}","templated":true}]}}