{"id":15604,"date":"2012-11-26T17:31:40","date_gmt":"2012-11-26T17:31:40","guid":{"rendered":"http:\/\/li-mac.org\/?page_id=15604"},"modified":"2012-12-04T17:49:04","modified_gmt":"2012-12-04T17:49:04","slug":"mental-space","status":"publish","type":"page","link":"https:\/\/li-mac.org\/es\/collection\/limac-collection\/carlos-bunga\/works\/mental-space\/","title":{"rendered":"Espacio Mental"},"content":{"rendered":"","protected":false},"excerpt":{"rendered":"<p><strong>Carlos Bunga<\/strong> <small>(Portugal, 1976)<\/small><br \/>\n2010<br \/>\nCart\u00f3n, cinta de embalaje y pintura<br \/>\n<small>Instalaci\u00f3n espec\u00edfica, Oficina para Proyectos de Arte, Guadalajara, M\u00e9xico<\/small><\/p>\n<p><small>(Cortes\u00eda del artista)<\/small><\/p>\n","protected":false},"author":2,"featured_media":15594,"parent":15589,"menu_order":143,"comment_status":"open","ping_status":"open","template":"image.php","meta":{"footnotes":""},"class_list":["post-15604","page","type-page","status-publish","has-post-thumbnail","hentry"],"_links":{"self":[{"href":"https:\/\/li-mac.org\/es\/wp-json\/wp\/v2\/pages\/15604","targetHints":{"allow":["GET"]}}],"collection":[{"href":"https:\/\/li-mac.org\/es\/wp-json\/wp\/v2\/pages"}],"about":[{"href":"https:\/\/li-mac.org\/es\/wp-json\/wp\/v2\/types\/page"}],"author":[{"embeddable":true,"href":"https:\/\/li-mac.org\/es\/wp-json\/wp\/v2\/users\/2"}],"replies":[{"embeddable":true,"href":"https:\/\/li-mac.org\/es\/wp-json\/wp\/v2\/comments?post=15604"}],"version-history":[{"count":3,"href":"https:\/\/li-mac.org\/es\/wp-json\/wp\/v2\/pages\/15604\/revisions"}],"predecessor-version":[{"id":16037,"href":"https:\/\/li-mac.org\/es\/wp-json\/wp\/v2\/pages\/15604\/revisions\/16037"}],"up":[{"embeddable":true,"href":"https:\/\/li-mac.org\/es\/wp-json\/wp\/v2\/pages\/15589"}],"wp:featuredmedia":[{"embeddable":true,"href":"https:\/\/li-mac.org\/es\/wp-json\/wp\/v2\/media\/15594"}],"wp:attachment":[{"href":"https:\/\/li-mac.org\/es\/wp-json\/wp\/v2\/media?parent=15604"}],"curies":[{"name":"wp","href":"https:\/\/api.w.org\/{rel}","templated":true}]}}