{"id":15617,"date":"2012-11-26T19:48:48","date_gmt":"2012-11-26T19:48:48","guid":{"rendered":"http:\/\/li-mac.org\/?page_id=15617"},"modified":"2013-12-20T22:11:13","modified_gmt":"2013-12-20T22:11:13","slug":"info","status":"publish","type":"page","link":"https:\/\/li-mac.org\/es\/collection\/limac-collection\/ignacio-uriarte\/info\/","title":{"rendered":"Info"},"content":{"rendered":"<p><strong>Ignacio Uriarte<\/strong> nace en 1972 en Krefeld, Alemania, y se cr\u00eda ah\u00ed. De 1992 a 1995 estudia Administraci\u00f3n de Empresas en Madrid y Mannheim y trabaja a partir de entonces para corporaciones como Siemens, Canon, Interlub y Agilent Technologies en Alemania, Espa\u00f1a y M\u00e9xico. Tambi\u00e9n estudia artes audiovisuales en Guadalajara, M\u00e9xico (1998 a 2001) y deja su \u00faltimo trabajo \u2018serio\u2019 en noviembre de 2003, dedic\u00e1ndose desde entonces a lo que llama \u2018arte de oficina\u2019. De 2004 a 2006 es artista residente en Hangar, Barcelona.<br \/>\nDesde 2007 vive y trabaja en Berl\u00edn.<\/p>\n<p><strong>Exposiciones Individuales<\/strong><\/p>\n<p><strong>2013<\/strong> Line of Work, Drawing Center, Nueva York, Estados Unidos<\/p>\n<p><strong>2012<\/strong> Arbeitsraum, DAZ (Deutsches Architekturzentrum), Berlin, Alemania<\/p>\n<p>ASDFGHJKL\u00d6, ABC (Art Berlin Contemporary), Berlin, Alemania<\/p>\n<p>L\u00edneas Generales, Et Hall, Barcelona, Espa\u00f1a<\/p>\n<p>Generative Klang- und Zeichenkunst, Sametitled, Berlin, Alemania<\/p>\n<p>Sequential Drawings, Galleria Gentili, Prato, Italia<\/p>\n<p>Arbeitsrhythmus, Figge von Rosen Galerie, Berlin, Alemania<\/p>\n<p>WORKS, Centre d\u02bcArt La Panera, Lleida, Espa\u00f1a<\/p>\n<p><strong>2011<\/strong> Rotation 2, Ruler Space, Helsinki, Finlandia<\/p>\n<p>Quatre sets de geometria i un full de paper, Arts Santa M\u00f3nica, Barcelona, Espa\u00f1a<\/p>\n<p>WORKS, Sala Rekalde, Bilbao, Espa\u00f1a<\/p>\n<p>Preferir\u00eda no hacerlo, Casa del Lago, Mexico City, Mexico<\/p>\n<p>Ignacio Uriarte, Licovny Salon, Celje, Eslovenia<\/p>\n<p>Letters and Numbers, Sariev Gallery, Plovdiv, Bulgaria<\/p>\n<p>Puntos expansivos, Espacio Marte, Mexico City, Mexic0<\/p>\n<p><strong>2010<\/strong><br \/>\nIgnacio Uriarte, i8, Reykjavik, Islandia<br \/>\nAuf dem Papier, Kunstverein Arnsberg, Arnsberg, Alemania<br \/>\nAufz\u00e4hlungen und Abrisse, Vierter Stock, Berl\u00edn<br \/>\n60 Sekunden, Lichthaus Arnsberg, Arnsberg, Alemania<br \/>\nThe invention of letters, Perth Institute of Contemporary Arts, Perth, Australia<br \/>\nTypologies, Galerie Feinkost, Berl\u00edn, Alemania<br \/>\nThe history of the typewriter recited by Michael Winslow, Nogueras Blanchard, Barcelona<br \/>\n<strong>2009<\/strong><br \/>\nThe Michael Winslow typewriter experience, Art Positions, Art Basel Miami Beach, Miami Beach<br \/>\nI am making art (con Wilfredo Prieto), Taka Ishii gallery, Tokyo &amp; Kyoto<br \/>\nTrabajos sobre (el) papel, La F\u00e1brica Galer\u00eda, Madrid<br \/>\n9 to 5, Galerie Feinkost, Berl\u00edn<br \/>\n<strong>2008<\/strong><br \/>\nIncidental arrangements (con Wolfgang Berkowski), Galleria Gentili, Prato, Italia<br \/>\nTrabajos en serie, Huarte Centro de arte, Pamplona<br \/>\nTan sencillo como l\u00edneas y c\u00edrculos (con Nicol\u00e1s Paris), Laboratorio 987, MUSAC, Le\u00f3n<br \/>\nAtasco de papel (con Enrique Radigales), Casa Encendida, Madrid<br \/>\nAlfa &amp; Omega, Capella de Sant Roc, Valls, Tarragona<br \/>\n<strong>2007<\/strong><br \/>\nAbout lines and circles, Nogueras Blanchard, Barcelona<br \/>\nO debuxo por diante, CGAC, Santiago de Compostela<br \/>\n<strong>2005<\/strong><br \/>\nLo que pasa cuando dejas la oficina para dedicarte al arte, Interfer\u00e8ncies &#8211; Casa Soler i Palet, Terrassa<br \/>\nOut of office, Damenundherren E.V., D\u00fcsseldorf, Alemania<\/p>\n<p><strong>Exposiciones colectivas<\/strong><\/p>\n<p>2010<br \/>\nThe Winter Show, I8, Reykjavik, Islandia<br \/>\nWorld is Work, Kwadrat, Berl\u00edn, Alemania<br \/>\nJahresgabenausstellung, Kunstverein Arnsberg, Arnsberg, Alemania<br \/>\nFeinkost Triennale, Galerie Feinkost, Berl\u00edn, Alemania<br \/>\nTentative d&#8217;expansion d&#8217;un lieu parisien (cinq exercices de dessin), Mor Charpentier, Paris<br \/>\nING Discerning Eye, The Mall galleries, Londres<br \/>\nThe Cutting Edge, Galeria Valle Ort\u00ed, Valencia<br \/>\nCourier, University Art Museum, Albany, Nueva York<br \/>\nDuring Office Hours, VGF, Berl\u00edn<br \/>\nBreaking Windows, Galerie Feinkost, Berl\u00edn<br \/>\nArt-O-Rama, Marsella, Francia<br \/>\nHeimliche Helden, Buckminster Fuller Dome, Vitra Design Museum, Weil am Rhein, Alemania<br \/>\nVideodrome, Autocenter, Berl\u00edn<br \/>\nThe kindness of Cronies, Homework, Berl\u00edn<br \/>\nDrawing Time, Ensemble Poirel, Nancy, Francia<br \/>\nAvailable Works, .HBC, Berl\u00edn<br \/>\nThe Atrocity Exhibition, Galerie Feinkost, Berl\u00edn<br \/>\nItinerarios 2008\/2009, Fundaci\u00f3n Marcelino Bot\u00edn, Santander<br \/>\n2009<br \/>\nZeigen, Tempor\u00e4re Kunsthalle Berl\u00edn<br \/>\nEl tiempo que venga, ARTIUM, Vitoria<br \/>\nHuesped &#8211; Colecci\u00f3n del MUSAC en el Museo Catagnino y Macro, Rosario, Argentina<br \/>\n25 obras, 17 artistas, 4 relatos, Centre d\u00b4Art la Panera, L\u00e9rida<br \/>\nZweckgemeinschafft, Micamoca, Berl\u00edn<br \/>\nDesdibujados, Fundaci\u00f3n Bot\u00ed, C\u00f3rdoba<br \/>\n28th biennial of graphic arts, Skuc Gallery, Ljubljana, Slovenia<br \/>\nHuesped &#8211; Colecci\u00f3n del MUSAC en el MNBA, Buenos Aires<br \/>\nPrint Matters, Global Gallery, Sidney<br \/>\nSleeper, Brown Gallery, Londres<br \/>\nBack to the future, Coma, Berl\u00edn<br \/>\nCollezione FRAC Piemonte, Cittadellarte \u2013 Fondazione Pistoletto, Biella, Italia<br \/>\nHow to work better. Das B\u00fcro im Atelier, Intershop Tower, Jena, Alemania<br \/>\n2008<br \/>\nUno + Uno, Multitud, Dom\u00e9stico, Madrid<br \/>\nDer Autorit\u00e4t, Kunstverein Arnsberg, Arnsberg, Alemania<br \/>\nCopy-Fans a Copy-Vic, Copy-Vic, Barcelona<br \/>\nEl papel del artista, Dom\u00e9stico, Madrid<br \/>\nDeleted Scenes, Galerie Feinkost, Berlin<br \/>\nCrazycurators Biennale II, Bratislava, Slovakia<br \/>\nNuova Collezione del Frac Piemonte, Centro Culturale Cittadella, Boves, Italia<br \/>\nFullscreen, Foro Artistico &#8211; International Media Art Forum, Hannover, Alemania<br \/>\nWorkflow \u2013 junge Videokunst in der DASA, Deutsche Arbeitsschutzausstellung, Dortmund, Alemania<br \/>\nTilted Balance, Collectors Contemporary, Singapur<br \/>\nThe practice of Everyday Life, Galerie Feinkost, Berlin<br \/>\n13. Marler Video-Kunst-Preis, Skulpturenmuseum Glaskasten, Marl, Alemania<br \/>\nMichel de Certeu, Centre d\u00b4art contemporain AUOI, Grenoble, Francia<br \/>\n6\u00aa Bienal de arte &#8216;Leandre Crist\u00f2fol&#8217;, La Panera, Lleida<br \/>\n1\u00aa Mostra della nuova collezione FRAC Piemonte, Arca, Chiesi di San Marco, Vercelli, Italia<br \/>\nOggetti Smarritti, Galleria Gentili, Prato, Italia<br \/>\nV\u00eddeo a la carta 2, Galer\u00eda DF, Santiago de Compostela<br \/>\nPremis Ciutat de Palma &#8216;Antoni Gelabert&#8217; d&#8217;Arts Pl\u00e0stiques, Casal Solleric, Mallorca<br \/>\n2007<br \/>\nNogueras Blanchard &#8211; Thermal comfort, Artnews projects, Berl\u00edn<br \/>\nExistencias, MUSAC, Le\u00f3n<br \/>\nPaisajismos Land_Scapes, Espacio Abisal, Bilbao<br \/>\nExposici\u00f3n Final PO_4 Oficina, Sala Muncunill, Terrassa<br \/>\nMirador 07, Intermediae\/Matadero, Madrid<br \/>\nXLIV Certamen internacional de artes pl\u00e1sticas, Museu de Pollen\u00e7a, Mallorca<br \/>\nPO_4 en Bayonne, Estudio de Samuel Labadie, Bayona, Francia<br \/>\nPremi &#8216;Miquel Casablancas&#8217;, Can Fabra, Sant Andreu &#8211; Barcelona<br \/>\nArtefactos y decibelios, Sala Can Felipa, Barcelona<br \/>\nPremis Ciutat de Palma &#8216;Antoni Gelabert&#8217; d&#8217;Arts Pl\u00e0stiques, Casal Solleric, Mallorca<br \/>\nPremio joven, Universidad Complutense, Madrid<br \/>\n2006<br \/>\n5\u00aa Bienal de Vic, Col.legi d&#8217;Aparelladors, Vic<br \/>\nCMYK: un proyecto de exposiciones latentes, Sala Can Felipa, Barcelona<br \/>\nBorn 2, galer\u00eda Casa Borne, Antequera<br \/>\nPoblenou Obert, Hangar, Barcelona<br \/>\nOff-loop, Galer\u00eda dels Angels y Sala de Estar, Barcelona<br \/>\n2005<br \/>\nLa ciutat desitjada, Hangar, Barcelona<br \/>\nSe busca, Hangar, Barcelona<br \/>\nLiving landscape, West Cork Arts Center, Skibbereen, Irlanda<br \/>\nExplorando lo pr\u00f3ximo, Sala Can Felipa, Barcelona<br \/>\nIn my mind&#8217;s eye, Sala d&#8217;Estar. Barcelona<br \/>\nHangar en Pandemolden, Sala Pandemolden, Santander<br \/>\n2004<br \/>\n4\u00aa Bienal de Vic, Casino, Vic<br \/>\nL&#8217;estat de les estructures, Hangar, Barcelona<br \/>\nArqueologies Ef\u00edmeres, Sala Can Felipa, Barcelona<br \/>\nBromas en Serio, Hangar, Barcelona<\/p>\n<p><strong>Workshops<\/strong><\/p>\n<p>2010 Garabato \u2013 la insoportable levedad de garabatear, biblioteca municipal, Arnsberg, Alemania<br \/>\n2010 Seminario sobre el garabato, Otras cosas de Villarosas, Barcelona<br \/>\n2009 Taller sobre el cuadrado para empleadas del departamento de cultura, Sassari<br \/>\n2008 Ejercicio de canto de la melod\u00eda de inicio y final de Windows por la Coral Terps\u00edcore, Valls, Tarragona<br \/>\n2007 Taller de escultura para empleados de la biblioteca municipal de Terrassa<br \/>\n2007 Seminario sobre la l\u00ednea para empleados del departamento de cultura y deportes, Terrassa<br \/>\n2005 Taller de arte de oficina para bibliotecarias, Skibereen, Irlanda<\/p>\n<p><strong>Screenings<\/strong><\/p>\n<p>2010 FID, 21\u00e8me festival international de documentaire du Marseille, Marsella, Francia<br \/>\n2010 Enlace 48 Cal Cego, Museo Nacional Centro de Arte Reina Sof\u00eda, Madrid<br \/>\n2010 2. AllArtNow Festival, Goethe Institut, Damasco, Siria<br \/>\n2009 P.A.L. (L\u00ednea de Acci\u00f3n Permanente), Contemporary 09, Pamplona<br \/>\n2009 Sztuka Nowych Medi\u00f3w, Akademia Sztuk Pieknych, Lodz, Polonia<br \/>\n2009 13. Marler Videokunst-Preis, ZKMax, Munich<br \/>\n2009 Archivo de creadores de la comunidad de Madrid, Matadero, Madrid<br \/>\n2008 Cosmopolitan Barcelona, Dia Art Foundation &amp; The Hispanic Society, Nueva York<br \/>\n2008 Ling\u00fc\u00edsticas de la imagen, Casa Asia Barcelona &amp; CIGE art fair, Beijing<\/p>\n<p><strong>Publicaciones<\/strong><\/p>\n<p>2009 An expansion followed by a contraction, Onestar Press, Paris<br \/>\n2008 Alfa &amp; Omega, Museu de Valls, Tarragona<\/p>\n<p><strong>Premios y becas <\/strong><\/p>\n<p>2008 Crazy Curators Award, Bienal de Bratislava, Slowakia<br \/>\n2008 beca de artes pl\u00e1sticas Fundaci\u00f3n Marcelino, Santander<br \/>\n2007 beca de creaci\u00f3n art\u00edstica CAM<br \/>\n2006 primer premio en el concurso &#8216;Born 2&#8217;, galer\u00eda Casa Borne, Antequera<br \/>\n2006 ganador de convocatoria de proyectos Can Felipa, Barcelona<br \/>\n2006 beca de creaci\u00f3n art\u00edstica MUSAC<br \/>\n2004 hasta 2006 residencia en Hangar, Barcelona<\/p>\n<p><strong>Colecciones<\/strong><\/p>\n<p>La Caixa, Barcelona<br \/>\nMUSAC, Le\u00f3n<br \/>\nLa Panera, Lleida<br \/>\nCAM, Alicante<br \/>\nARTIUM, Vitoria<br \/>\nFundaci\u00f3n Marcelino Bot\u00edn, Santander<br \/>\nFRAC Piemonte, Torino<br \/>\nJUMEX, M\u00e9xico<\/p>","protected":false},"excerpt":{"rendered":"<p>Ignacio Uriarte nace en 1972 en Krefeld, Alemania, y se cr\u00eda ah\u00ed. De 1992 a 1995 estudia Administraci\u00f3n de Empresas en Madrid y Mannheim y trabaja a partir de entonces para corporaciones como Siemens, Canon, Interlub y Agilent Technologies en Alemania, Espa\u00f1a y M\u00e9xico. Tambi\u00e9n estudia artes audiovisuales en Guadalajara, M\u00e9xico (1998 a 2001) y [&hellip;]<\/p>\n","protected":false},"author":2,"featured_media":0,"parent":15612,"menu_order":100,"comment_status":"closed","ping_status":"closed","template":"","meta":{"footnotes":""},"class_list":["post-15617","page","type-page","status-publish","hentry"],"_links":{"self":[{"href":"https:\/\/li-mac.org\/es\/wp-json\/wp\/v2\/pages\/15617","targetHints":{"allow":["GET"]}}],"collection":[{"href":"https:\/\/li-mac.org\/es\/wp-json\/wp\/v2\/pages"}],"about":[{"href":"https:\/\/li-mac.org\/es\/wp-json\/wp\/v2\/types\/page"}],"author":[{"embeddable":true,"href":"https:\/\/li-mac.org\/es\/wp-json\/wp\/v2\/users\/2"}],"replies":[{"embeddable":true,"href":"https:\/\/li-mac.org\/es\/wp-json\/wp\/v2\/comments?post=15617"}],"version-history":[{"count":9,"href":"https:\/\/li-mac.org\/es\/wp-json\/wp\/v2\/pages\/15617\/revisions"}],"predecessor-version":[{"id":15664,"href":"https:\/\/li-mac.org\/es\/wp-json\/wp\/v2\/pages\/15617\/revisions\/15664"}],"up":[{"embeddable":true,"href":"https:\/\/li-mac.org\/es\/wp-json\/wp\/v2\/pages\/15612"}],"wp:attachment":[{"href":"https:\/\/li-mac.org\/es\/wp-json\/wp\/v2\/media?parent=15617"}],"curies":[{"name":"wp","href":"https:\/\/api.w.org\/{rel}","templated":true}]}}