{"id":15816,"date":"2012-11-29T12:12:12","date_gmt":"2012-11-29T12:12:12","guid":{"rendered":"http:\/\/li-mac.org\/?page_id=15816"},"modified":"2012-11-29T12:12:53","modified_gmt":"2012-11-29T12:12:53","slug":"covering-the-sun","status":"publish","type":"page","link":"https:\/\/li-mac.org\/es\/collection\/limac-collection\/cristina-lucas\/works\/covering-the-sun\/","title":{"rendered":"Tapando el sol con un dedo"},"content":{"rendered":"<p><em>Tapando el sol con un dedo<\/em>, describe literalmente una acci\u00f3n muy sencilla donde el personaje encuentra una luz cegadora al frente y s\u00f3lo sombras por detr\u00e1s. El binomio ingenuidad &#8211; soberbia delimitan la condici\u00f3n humana que no puede escapar a este par\u00e9ntesis.<\/p>","protected":false},"excerpt":{"rendered":"<p><strong>Cristina Lucas<\/strong> <small>(Espa\u00f1a, 1973)<\/small><br \/>\n2003<br \/>\nFotograf\u00eda color<br \/>\n127 x 190 cm<\/p>\n<p><small>(Cortes\u00eda del artista)<\/small><\/p>\n","protected":false},"author":2,"featured_media":15817,"parent":15795,"menu_order":109,"comment_status":"open","ping_status":"open","template":"image.php","meta":{"footnotes":""},"class_list":["post-15816","page","type-page","status-publish","has-post-thumbnail","hentry"],"_links":{"self":[{"href":"https:\/\/li-mac.org\/es\/wp-json\/wp\/v2\/pages\/15816","targetHints":{"allow":["GET"]}}],"collection":[{"href":"https:\/\/li-mac.org\/es\/wp-json\/wp\/v2\/pages"}],"about":[{"href":"https:\/\/li-mac.org\/es\/wp-json\/wp\/v2\/types\/page"}],"author":[{"embeddable":true,"href":"https:\/\/li-mac.org\/es\/wp-json\/wp\/v2\/users\/2"}],"replies":[{"embeddable":true,"href":"https:\/\/li-mac.org\/es\/wp-json\/wp\/v2\/comments?post=15816"}],"version-history":[{"count":2,"href":"https:\/\/li-mac.org\/es\/wp-json\/wp\/v2\/pages\/15816\/revisions"}],"predecessor-version":[{"id":15819,"href":"https:\/\/li-mac.org\/es\/wp-json\/wp\/v2\/pages\/15816\/revisions\/15819"}],"up":[{"embeddable":true,"href":"https:\/\/li-mac.org\/es\/wp-json\/wp\/v2\/pages\/15795"}],"wp:featuredmedia":[{"embeddable":true,"href":"https:\/\/li-mac.org\/es\/wp-json\/wp\/v2\/media\/15817"}],"wp:attachment":[{"href":"https:\/\/li-mac.org\/es\/wp-json\/wp\/v2\/media?parent=15816"}],"curies":[{"name":"wp","href":"https:\/\/api.w.org\/{rel}","templated":true}]}}