{"id":15820,"date":"2012-11-29T12:19:26","date_gmt":"2012-11-29T12:19:26","guid":{"rendered":"http:\/\/li-mac.org\/?page_id=15820"},"modified":"2012-11-29T12:45:17","modified_gmt":"2012-11-29T12:45:17","slug":"the-eye-and-the-arm","status":"publish","type":"page","link":"https:\/\/li-mac.org\/es\/collection\/limac-collection\/cristina-lucas\/works\/the-eye-and-the-arm\/","title":{"rendered":"El ojo y el brazo"},"content":{"rendered":"<p>La ventaja fundamental del pan\u00f3ptico es tan evidente que quererla probar ser\u00eda arriesgarse a oscurecerla. Estar incesantemente a la vista de un inspector es perder ,en efecto, el poder de hacer mal, y casi el pensamiento de intentarlo. Jeremias Bentham El pan\u00f3ptico que aparece en el d\u00edptico, mantiene arquitect\u00f3nicamente su estructura original pero tras unas d\u00e9cadas funcionando como prisi\u00f3n, ha sido abandonado por el poder, sin embargo sigue habitado por vagabundos y emigrantes, visitado asiduamente por grafiteros y recolectores de metal\u2026 pero esta vez voluntariamente. La raz\u00f3n pura falla de nuevo lo que nos hace suponer que el instinto de escapar, de sobrevivir es m\u00e1s fuerte que la raz\u00f3n m\u00e1s elaborada. El Ojo y El Brazo es un t\u00edtulo que le confiere al edificio un matiz de ente con vida propia ya que sus transformaciones pasan , no s\u00f3lo del orden al Kaos, tambi\u00e9n el ojo del poder y sus brazos se llenas de obras de arte, de archivos, de ancianos y centros comerciales entre otras cosa.<\/p>","protected":false},"excerpt":{"rendered":"<p><strong>Cristina Lucas<\/strong> <small>(Espa\u00f1a, 1973)<\/small><br \/>\n2005<br \/>\nFotograf\u00eda digital<br \/>\n110 x 147 cm c\/u<\/p>\n<p><small>(Cortes\u00eda del artista)<\/small><\/p>\n","protected":false},"author":2,"featured_media":15807,"parent":15795,"menu_order":123,"comment_status":"open","ping_status":"open","template":"image.php","meta":{"footnotes":""},"class_list":["post-15820","page","type-page","status-publish","has-post-thumbnail","hentry"],"_links":{"self":[{"href":"https:\/\/li-mac.org\/es\/wp-json\/wp\/v2\/pages\/15820","targetHints":{"allow":["GET"]}}],"collection":[{"href":"https:\/\/li-mac.org\/es\/wp-json\/wp\/v2\/pages"}],"about":[{"href":"https:\/\/li-mac.org\/es\/wp-json\/wp\/v2\/types\/page"}],"author":[{"embeddable":true,"href":"https:\/\/li-mac.org\/es\/wp-json\/wp\/v2\/users\/2"}],"replies":[{"embeddable":true,"href":"https:\/\/li-mac.org\/es\/wp-json\/wp\/v2\/comments?post=15820"}],"version-history":[{"count":5,"href":"https:\/\/li-mac.org\/es\/wp-json\/wp\/v2\/pages\/15820\/revisions"}],"predecessor-version":[{"id":15828,"href":"https:\/\/li-mac.org\/es\/wp-json\/wp\/v2\/pages\/15820\/revisions\/15828"}],"up":[{"embeddable":true,"href":"https:\/\/li-mac.org\/es\/wp-json\/wp\/v2\/pages\/15795"}],"wp:featuredmedia":[{"embeddable":true,"href":"https:\/\/li-mac.org\/es\/wp-json\/wp\/v2\/media\/15807"}],"wp:attachment":[{"href":"https:\/\/li-mac.org\/es\/wp-json\/wp\/v2\/media?parent=15820"}],"curies":[{"name":"wp","href":"https:\/\/api.w.org\/{rel}","templated":true}]}}