{"id":15860,"date":"2012-11-29T13:39:26","date_gmt":"2012-11-29T13:39:26","guid":{"rendered":"http:\/\/li-mac.org\/?page_id=15860"},"modified":"2012-12-10T12:36:18","modified_gmt":"2012-12-10T12:36:18","slug":"more-light","status":"publish","type":"page","link":"https:\/\/li-mac.org\/es\/collection\/limac-collection\/cristina-lucas\/works\/more-light\/","title":{"rendered":"M\u00e1s luz"},"content":{"rendered":"<p>C-Ave Mar\u00eda pur\u00edsima<\/p>\n<p>P-Sin pecado concebida<\/p>\n<p>C-Padre\u2026 he venido a confesarme porque, porque no encuentro un lugar dentro de la comunidad cristiana para mi.<\/p>\n<p>Vera\u2026, esto, yo soy artista y me pregunto por qu\u00e9 el arte y la iglesia se han alejado tanto. Me imagino que bueno, claro, esto revierte en mi relaci\u00f3n personal con la comunidad y desde luego, hay entre nosotros una distancia pues\u2026 pues cada vez mayor.<\/p>\n<p>P-Yo creo que lo primero que tienes que ver es\u2026 la religi\u00f3n es una ideolog\u00eda, pero no se trata de saber o de conocer o de ver; sino que se trata de una vida. Si no llevas una vida cristiana.. pues c\u00f3mo no vas a separarse cada vez, cada vez se tiene que separar m\u00e1s.<\/p>\n<p>C-No, no se trata de eso. En realidad yo no siento que estoy alejada de la \u00e9tica.<\/p>\n<p>P-Pero si no es \u00e9tica hija, hija m\u00eda, no es la \u00e9tica. La \u00e9tica est\u00e1 muy bien, es una manera de vivir en sinton\u00eda con Jesucristo. Buen\u00edsimos, gente buen\u00edsima en el mundo y eso no quiere decir que sean cristianos.<\/p>\n<p>C-Ya, pero es que, yo no s\u00e9 cual es el lugar de un artista contempor\u00e1neo dentro de la iglesia, es que es imposible hablar del Arte Occidental sin hablar del Catolicismo. Yo creo que la labor del artista a lo largo de los siglos ha consistido en\u2026 impresionar a los hombres con la belleza de Dios, o sea, que el artista ha sido como un traductor, como un nexo. No s\u00e9. \u00bfHoy ya no hace falta esa relaci\u00f3n? \u00bfYa no hacen falta las relaciones sobre la belleza? \u00bfNo hace falta aproximar a Dios a los hombres?<\/p>\n<p>P-Hace falta, pero hace falta m\u00e1s que nunca porque est\u00e1 menos que nunca.<\/p>\n<p>C-\u00bfy por qu\u00e9 ya no esta?<\/p>\n<p>P-El hombre est\u00e1 menos, bueno\u2026 Objetivamente no sabemos pero\u2026 desde el punto de vista de lo\u00a0 que vemos y lo que actuamos vemos que tiene\u00a0 mucha menos relaci\u00f3n con Dios.<\/p>\n<p>C-Ahora los que invierten en arte son los bancos Padre, son las empresas. La iglesia ha dejado ya de tener ese contacto.<\/p>\n<p>P-Es normal que inviertan los bancos dado que el arte ahora\u2026 antes la \u00fanica que pod\u00eda invertir, porque no hab\u00eda estas instituciones, era la Iglesia y la iglesia pod\u00eda dar a, pod\u00eda tener artistas y cosas de esas. Ahora el arte es una cosa mucho m\u00e1s universal, no es arte sacro y es normal que lo den otras, otras sociedades que son m\u00e1s estatales y m\u00e1s, m\u00e1s, m\u00e1s a nivel de Estado y m\u00e1s\u2026 m\u00e1s profanas.<\/p>\n<p>C-Pero Padre, los artistas\u2026 hoy, como siempre, trabajan tambi\u00e9n por encargo.<\/p>\n<p>P-Ahora los artistas tienen mucha gente que les puede pagar. Antes los pobres ten\u00edan que trabajar sobre la Iglesia que era la \u00fanica que pagaba y para los reyes.<\/p>\n<p>C-Pero\u2026 Yo no creo que sea tanto una cuesti\u00f3n econ\u00f3mica.<\/p>\n<p>P-S\u00ed es una cuesti\u00f3n econ\u00f3mica, claro que es una cuesti\u00f3n econ\u00f3mica, claro que es una cuesti\u00f3n econ\u00f3mica. Poner un cuadro en ese altar cuesta un dineral. \u00bfC\u00f3mo no va a ser una cuesti\u00f3n econ\u00f3mica?<\/p>\n<p>C-Bueno, eso depende de muchas cosas. Lo que yo creo es que se ha abandonado esa inquietud por parte de la Iglesia como instituci\u00f3n.<\/p>\n<p>P- Ahora hay much\u00edsima gente que no quiere saber nada con Dios. Quiz\u00e1 viven de una manera m\u00e1s fina y m\u00e1s \u00e9tica pero no piensan en Dios, eso\u2026 La inmensa mayor\u00eda de la gente no piensa para nada en Dios.<\/p>\n<p>C-Padre, no s\u00e9, eso no es del todo cierto. Yo estoy aqu\u00ed hablando con usted de arte, de belleza\u2026 de iglesia\u2026 de Dios.<\/p>\n<p>Por ejemplo, \u00bfQu\u00e9 me dir\u00eda\u2026 si le dijera que esta conversaci\u00f3n podr\u00eda formar parte de una obra?<\/p>\n<p>\u2026\u2026\u2026\u2026\u2026\u2026\u2026\u2026\u2026\u2026\u2026\u2026\u2026\u2026\u2026\u2026\u2026\u2026\u2026\u2026\u2026\u2026\u2026\u2026\u2026\u2026\u2026\u2026\u2026\u2026\u2026\u2026\u2026\u2026.<\/p>\n<p>C-Pero Padre\u2026 no creo que tengamos que echarle toda la culpa a la funcionalidad. La Catedral de Madrid, por ejemplo, se ha inaugurado hace poqu\u00edsimo y aparte de que no es funcional\u2026 no hay en ella ni una sola pieza que valga la pena y no parece que se a una cuesti\u00f3n de presupuesto porque en realidad s\u00ed que se v\u00e9 dinero invertido all\u00ed. Lo que no se ve es ning\u00fan inter\u00e9s. Yo no s\u00e9 quien decide lo que va, pero ha tenido un gusto\u2026\u00a0 poco acertado. Es que, no s\u00e9\u2026 ni siquiera hay un Tapies ni nada representativo del siglo XX y es que no se ve ning\u00fan inter\u00e9s hacia el arte.<\/p>\n<p>P-S\u00ed, s\u00ed, s\u00ed, ahora eso como arte armonizado no tiene nada, porque adem\u00e1s cada capilla tiene su tendencia, se ve una especie de gusto, seg\u00fan el que haya patrocinado cada capilla y\u2026<\/p>\n<p>C-\u00bfHay un patrocinador de cada capilla?<\/p>\n<p>P-Me figuro yo que habr\u00e1 as\u00ed algo de esto y que bueno pues, ya ha sido mucho poder cubrirla, poder dedicarla al culto porque eso ha estado pues al aire libre, sin cubrir, llen\u00e1ndose de agua pues much\u00edsimos a\u00f1os. Entonces, que se haya llegado a eso\u2026 y que se han gastado much\u00edsimos millones. Es una obra muy\u2026 que se han empe\u00f1ado pues bueno, el Estado y tal, pero ya eso es positivo, porque en definitiva pues el arte no es que haya tenido mucho, mucho campo ah\u00ed.<\/p>\n<p>\u2026\u2026\u2026\u2026\u2026\u2026\u2026\u2026\u2026\u2026\u2026\u2026\u2026\u2026\u2026\u2026\u2026\u2026\u2026\u2026\u2026\u2026\u2026\u2026\u2026\u2026\u2026\u2026\u2026\u2026\u2026\u2026\u2026\u2026.<\/p>\n<p>P-Claro, es que yo creo que la belleza suscita la conversi\u00f3n, por eso sufro yo al hablar de Jes\u00fas a veces, porque me gustar\u00eda explicar la belleza de lo que siento de lo que comprendo en mi coraz\u00f3n acerca de \u00c9l porque s\u00e9 que la belleza atraer\u00eda a otros a esa Fe, claro.<\/p>\n<p>C- Pues eso, por eso no entiendo nada. \u00bfC\u00f3mo la iglesia ha elegido prescindir del arte? Me parece una locura que han elegido vivir de las rentas de otros siglos del talento de otra gente. Todos los siglos han tenido su expresi\u00f3n pl\u00e1stica de la Fe, menos \u00e9ste. Ahora estamos viviendo una ruptura, una ruptura de la que es ejemplo esta catedral tan nueva.<\/p>\n<p>P-Pero hombre, yo creo que gran parte del Arte Cristiano y eso, se ha perdido por el esp\u00edritu un poco pragm\u00e1tico del mundo este en el que vivimos \u00bfVerdad?<\/p>\n<p>Que ahora en vez de hacer un templo bonito se hace un templo pr\u00e1ctico y cosas as\u00ed. Hombre aunque este templo\u2026 yo creo que la estructura\u2026 \u00bfVerdad? Es muy bonita<\/p>\n<p>C-La estructura es del XIX.<\/p>\n<p>P-Si, la arquitectura es bonita, lo dem\u00e1s no. Lo dem\u00e1s hay alguna imagen que a mi me gusta, hombre yo no entiendo mucho de arte, no he estudiado nunca arte. A mi hay cosas que me gustan y cosas que no me gustan, es lo \u00fanico.<\/p>\n<p>C-Pero la Iglesia siempre ha entendido de arte.<\/p>\n<p>P-Bueno hombre, yo creo que un sentido de la bellaza lo tengo \u00bfno? Pero que no he estudiado nunca, de todas maneras que, que no te quedes en lo\u2026 como si dijera bueno, no s\u00e9\u2026 es que lo intelectual y lo vital est\u00e1n muy unidos.<\/p>\n<p>C-Claro porque una cosa es el individuo y otra cosa es la sociedad entonces yo, en realidad\u2026 claro a mi me falla la parte del individuo porque\u2026 los signos sociales tampoco dan muestras de aparecer\u2026 y es que no se le puede echar la culpa a los artistas.<\/p>\n<p>P- S\u00ed, s\u00ed\u2026 hombre la verdad es que no he reflexionado muchas veces en esto\u00a0 \u00bfsabes?<\/p>\n<p>Y s\u00ed pienso, por ejemplo, que todo el tema de la cultura\u2026 o sea que desde el punto de vista intelectual, la iglesia si a querido acomodarse al progreso un poco\u2026 pero es verdad que desde el punto de vista de la belleza del arte, la iglesia se ha desentendido en estos \u00faltimos tiempos \u00bfno? Pero bueno yo lo que har\u00eda es eso, buscar a Dios en tu coraz\u00f3n y bueno, pues ser\u00e1s entendida o no ser\u00e1s entendida pero si encuentras a Dios en tu coraz\u00f3n, eso lo expresar\u00e1s luego en lo que tu hagas. \u00bfQu\u00e9 es lo que tu haces? \u00bfPintar o escultura o qu\u00e9?<\/p>\n<p>C-Yo hago\u2026 Yo hago v\u00eddeos.<\/p>","protected":false},"excerpt":{"rendered":"<p><strong>Cristina Lucas<\/strong> <small>(Espa\u00f1a, 1973)<\/small><br \/>\n2003<br \/>\nVideo y fotograf\u00eda digital<br \/>\n110 x 140 cm <\/p>\n<p><small>(Cortes\u00eda del artista)<\/small><\/p>\n","protected":false},"author":2,"featured_media":15861,"parent":15795,"menu_order":109,"comment_status":"open","ping_status":"open","template":"image.php","meta":{"footnotes":""},"class_list":["post-15860","page","type-page","status-publish","has-post-thumbnail","hentry"],"_links":{"self":[{"href":"https:\/\/li-mac.org\/es\/wp-json\/wp\/v2\/pages\/15860","targetHints":{"allow":["GET"]}}],"collection":[{"href":"https:\/\/li-mac.org\/es\/wp-json\/wp\/v2\/pages"}],"about":[{"href":"https:\/\/li-mac.org\/es\/wp-json\/wp\/v2\/types\/page"}],"author":[{"embeddable":true,"href":"https:\/\/li-mac.org\/es\/wp-json\/wp\/v2\/users\/2"}],"replies":[{"embeddable":true,"href":"https:\/\/li-mac.org\/es\/wp-json\/wp\/v2\/comments?post=15860"}],"version-history":[{"count":4,"href":"https:\/\/li-mac.org\/es\/wp-json\/wp\/v2\/pages\/15860\/revisions"}],"predecessor-version":[{"id":16103,"href":"https:\/\/li-mac.org\/es\/wp-json\/wp\/v2\/pages\/15860\/revisions\/16103"}],"up":[{"embeddable":true,"href":"https:\/\/li-mac.org\/es\/wp-json\/wp\/v2\/pages\/15795"}],"wp:featuredmedia":[{"embeddable":true,"href":"https:\/\/li-mac.org\/es\/wp-json\/wp\/v2\/media\/15861"}],"wp:attachment":[{"href":"https:\/\/li-mac.org\/es\/wp-json\/wp\/v2\/media?parent=15860"}],"curies":[{"name":"wp","href":"https:\/\/api.w.org\/{rel}","templated":true}]}}