{"id":15975,"date":"2012-11-30T18:00:55","date_gmt":"2012-11-30T18:00:55","guid":{"rendered":"http:\/\/li-mac.org\/?page_id=15975"},"modified":"2014-01-14T21:31:03","modified_gmt":"2014-01-14T21:31:03","slug":"born-again","status":"publish","type":"page","link":"https:\/\/li-mac.org\/es\/collection\/limac-collection\/fernando-sanchez-castillo\/info\/born-again\/","title":{"rendered":"Renacido"},"content":{"rendered":"<p>El artista se pone a jugar con una enorme piedra falsa, en el monumento dedicado a Franco. Prisioneros pol\u00edticos, adeptos de la \u00e9poca, construyeron este lugar despu\u00e9s de la Guerra Civil espa\u00f1ola, inspir\u00e1ndose en el estilo arquitect\u00f3nico del III Reich. Se trata de una iglesia con tama\u00f1o de catedral en la que est\u00e1 enterrado el dictador. Este lugar todav\u00eda es un centro de peregrinaci\u00f3n de miembros nazis de toda Europa. Fernando S\u00e1nchez Castillo ha titulado las im\u00e1genes y el video de esta performace Renacido. El artista mientras lanzaba la piedra pod\u00eda imaginar la destrucci\u00f3n de este oscuro episodio de la historia espa\u00f1ola.<\/p>","protected":false},"excerpt":{"rendered":"<p><strong>Fernando S\u00e1nchez Castillo<\/strong> <small>(Espa\u00f1a,1970)<\/small><br \/>\n1998<br \/>\nFotograf\u00eda en color<br \/>\nMedidas variables<\/p>\n<p><small>(Cortes\u00eda del artista)<\/small><\/p>\n","protected":false},"author":3,"featured_media":15918,"parent":15519,"menu_order":100,"comment_status":"open","ping_status":"open","template":"image.php","meta":{"footnotes":""},"class_list":["post-15975","page","type-page","status-publish","has-post-thumbnail","hentry"],"_links":{"self":[{"href":"https:\/\/li-mac.org\/es\/wp-json\/wp\/v2\/pages\/15975","targetHints":{"allow":["GET"]}}],"collection":[{"href":"https:\/\/li-mac.org\/es\/wp-json\/wp\/v2\/pages"}],"about":[{"href":"https:\/\/li-mac.org\/es\/wp-json\/wp\/v2\/types\/page"}],"author":[{"embeddable":true,"href":"https:\/\/li-mac.org\/es\/wp-json\/wp\/v2\/users\/3"}],"replies":[{"embeddable":true,"href":"https:\/\/li-mac.org\/es\/wp-json\/wp\/v2\/comments?post=15975"}],"version-history":[{"count":5,"href":"https:\/\/li-mac.org\/es\/wp-json\/wp\/v2\/pages\/15975\/revisions"}],"predecessor-version":[{"id":20076,"href":"https:\/\/li-mac.org\/es\/wp-json\/wp\/v2\/pages\/15975\/revisions\/20076"}],"up":[{"embeddable":true,"href":"https:\/\/li-mac.org\/es\/wp-json\/wp\/v2\/pages\/15519"}],"wp:featuredmedia":[{"embeddable":true,"href":"https:\/\/li-mac.org\/es\/wp-json\/wp\/v2\/media\/15918"}],"wp:attachment":[{"href":"https:\/\/li-mac.org\/es\/wp-json\/wp\/v2\/media?parent=15975"}],"curies":[{"name":"wp","href":"https:\/\/api.w.org\/{rel}","templated":true}]}}