{"id":15978,"date":"2012-11-30T19:07:27","date_gmt":"2012-11-30T19:07:27","guid":{"rendered":"http:\/\/li-mac.org\/?page_id=15978"},"modified":"2013-12-27T21:48:30","modified_gmt":"2013-12-27T21:48:30","slug":"treaty-of-madrid","status":"publish","type":"page","link":"https:\/\/li-mac.org\/es\/collection\/limac-collection\/fernando-sanchez-castillo\/info\/treaty-of-madrid\/","title":{"rendered":"Pacto de Madrid"},"content":{"rendered":"<p>Pacto de Madrid conmemora el cincuenta aniversario del pacto firmado entre el general Francisco Franco y el presidente de los Estados Unidos de Am\u00e9rica, Dwight D. Eisenhower. Este tratado supuso la aceptaci\u00f3n de Espa\u00f1a en la ONU, el env\u00edo de alimentos (principalmente leche en polvo) y el asentamiento de numerosas bases militares americanas en el territorio espa\u00f1ol.<\/p>","protected":false},"excerpt":{"rendered":"<p><strong>Fernando S\u00e1nchez Castillo<\/strong> <small>(Espa\u00f1a,1970)<\/small><br \/>\n2003<br \/>\nInstalaci\u00f3n. Elementos de bronce<br \/>\nDimensiones variables<\/p>\n<p><small>(Cortes\u00eda del artista)<\/small><\/p>\n","protected":false},"author":3,"featured_media":15979,"parent":15519,"menu_order":107,"comment_status":"open","ping_status":"open","template":"image.php","meta":{"footnotes":""},"class_list":["post-15978","page","type-page","status-publish","has-post-thumbnail","hentry"],"_links":{"self":[{"href":"https:\/\/li-mac.org\/es\/wp-json\/wp\/v2\/pages\/15978","targetHints":{"allow":["GET"]}}],"collection":[{"href":"https:\/\/li-mac.org\/es\/wp-json\/wp\/v2\/pages"}],"about":[{"href":"https:\/\/li-mac.org\/es\/wp-json\/wp\/v2\/types\/page"}],"author":[{"embeddable":true,"href":"https:\/\/li-mac.org\/es\/wp-json\/wp\/v2\/users\/3"}],"replies":[{"embeddable":true,"href":"https:\/\/li-mac.org\/es\/wp-json\/wp\/v2\/comments?post=15978"}],"version-history":[{"count":5,"href":"https:\/\/li-mac.org\/es\/wp-json\/wp\/v2\/pages\/15978\/revisions"}],"predecessor-version":[{"id":19188,"href":"https:\/\/li-mac.org\/es\/wp-json\/wp\/v2\/pages\/15978\/revisions\/19188"}],"up":[{"embeddable":true,"href":"https:\/\/li-mac.org\/es\/wp-json\/wp\/v2\/pages\/15519"}],"wp:featuredmedia":[{"embeddable":true,"href":"https:\/\/li-mac.org\/es\/wp-json\/wp\/v2\/media\/15979"}],"wp:attachment":[{"href":"https:\/\/li-mac.org\/es\/wp-json\/wp\/v2\/media?parent=15978"}],"curies":[{"name":"wp","href":"https:\/\/api.w.org\/{rel}","templated":true}]}}