{"id":15984,"date":"2012-11-30T21:24:39","date_gmt":"2012-11-30T21:24:39","guid":{"rendered":"http:\/\/li-mac.org\/?page_id=15984"},"modified":"2012-12-10T11:11:56","modified_gmt":"2012-12-10T11:11:56","slug":"rich-cat-dies-of-heart-attack-in-chicago","status":"publish","type":"page","link":"https:\/\/li-mac.org\/es\/collection\/limac-collection\/fernando-sanchez-castillo\/info\/rich-cat-dies-of-heart-attack-in-chicago\/","title":{"rendered":"Gato rico muere en Chicago"},"content":{"rendered":"<p>Durante el agitado a\u00f1o 1968 la situaci\u00f3n en Brasil era bastante m\u00e1s cruda y represiva que en la Europa occidental de aquel per\u00edodo. \u00a0El 13 de diciembre de ese mismo a\u00f1o se promulga el Quinto Acto Institucional que confer\u00eda al presidente Costa e Silva plenos poderes dictatoriales. Ning\u00fan medio pudo informar ni opinar sobre los hechos acontecidos. El Correio da Manha sali\u00f3 a la calle con el siguiente titular: \u00abGato rico morreu en Chicago\u00bb (Gato rico muere en Chicago)<\/p>\n<p>Fernando S\u00e1nchez Castillo utiliza esta frase sin sentido como t\u00edtulo que describe im\u00e1genes de un extra\u00f1o y \u00a0confuso golpe de estado. Una sucesi\u00f3n de secuencias en las que se articulan diferentes coreografias y juegos con una cabeza de bronce que parece ser el centro de una extra\u00f1a actividad.<\/p>","protected":false},"excerpt":{"rendered":"<p><strong>Fernando S\u00e1nchez Castillo<\/strong> <small>(Espa\u00f1a,1970)<\/small><br \/>\n2004<br \/>\nFotograf\u00edas y video<br \/>\nMedidas variables<\/p>\n<p><small>(Cortes\u00eda del artista)<\/small><\/p>\n","protected":false},"author":3,"featured_media":15882,"parent":15519,"menu_order":109,"comment_status":"open","ping_status":"open","template":"image.php","meta":{"footnotes":""},"class_list":["post-15984","page","type-page","status-publish","has-post-thumbnail","hentry"],"_links":{"self":[{"href":"https:\/\/li-mac.org\/es\/wp-json\/wp\/v2\/pages\/15984","targetHints":{"allow":["GET"]}}],"collection":[{"href":"https:\/\/li-mac.org\/es\/wp-json\/wp\/v2\/pages"}],"about":[{"href":"https:\/\/li-mac.org\/es\/wp-json\/wp\/v2\/types\/page"}],"author":[{"embeddable":true,"href":"https:\/\/li-mac.org\/es\/wp-json\/wp\/v2\/users\/3"}],"replies":[{"embeddable":true,"href":"https:\/\/li-mac.org\/es\/wp-json\/wp\/v2\/comments?post=15984"}],"version-history":[{"count":7,"href":"https:\/\/li-mac.org\/es\/wp-json\/wp\/v2\/pages\/15984\/revisions"}],"predecessor-version":[{"id":16092,"href":"https:\/\/li-mac.org\/es\/wp-json\/wp\/v2\/pages\/15984\/revisions\/16092"}],"up":[{"embeddable":true,"href":"https:\/\/li-mac.org\/es\/wp-json\/wp\/v2\/pages\/15519"}],"wp:featuredmedia":[{"embeddable":true,"href":"https:\/\/li-mac.org\/es\/wp-json\/wp\/v2\/media\/15882"}],"wp:attachment":[{"href":"https:\/\/li-mac.org\/es\/wp-json\/wp\/v2\/media?parent=15984"}],"curies":[{"name":"wp","href":"https:\/\/api.w.org\/{rel}","templated":true}]}}