{"id":15993,"date":"2012-11-30T22:59:57","date_gmt":"2012-11-30T22:59:57","guid":{"rendered":"http:\/\/li-mac.org\/?page_id=15993"},"modified":"2012-12-10T11:13:37","modified_gmt":"2012-12-10T11:13:37","slug":"shining-path","status":"publish","type":"page","link":"https:\/\/li-mac.org\/es\/collection\/limac-collection\/fernando-sanchez-castillo\/info\/shining-path\/","title":{"rendered":"Sendero Luminoso"},"content":{"rendered":"<p>Sendero Luminoso se refiere a la primera acci\u00f3n p\u00fablica de la guerrilla peruana\u00a0Sendero Luminoso. En una ma\u00f1ana de enero de 1980, ocho perros fueron ahorcados en lugares emblem\u00e1ticos de Lima con unos carteles de cart\u00f3n colgados con frases procedentes del libro rojo de Mao.<\/p>","protected":false},"excerpt":{"rendered":"<p><strong>Fernando S\u00e1nchez Castillo<\/strong> <small>(Espa\u00f1a,1970)<\/small><br \/>\n2003<br \/>\nInstalaci\u00f3n<br \/>\nElementos de bronce y mobiliario urbano<br \/>\nDimensiones variables<\/p>\n<p><small>(Cortes\u00eda del artista)<\/small><\/p>\n","protected":false},"author":3,"featured_media":15895,"parent":15519,"menu_order":114,"comment_status":"open","ping_status":"open","template":"image.php","meta":{"footnotes":""},"class_list":["post-15993","page","type-page","status-publish","has-post-thumbnail","hentry"],"_links":{"self":[{"href":"https:\/\/li-mac.org\/es\/wp-json\/wp\/v2\/pages\/15993","targetHints":{"allow":["GET"]}}],"collection":[{"href":"https:\/\/li-mac.org\/es\/wp-json\/wp\/v2\/pages"}],"about":[{"href":"https:\/\/li-mac.org\/es\/wp-json\/wp\/v2\/types\/page"}],"author":[{"embeddable":true,"href":"https:\/\/li-mac.org\/es\/wp-json\/wp\/v2\/users\/3"}],"replies":[{"embeddable":true,"href":"https:\/\/li-mac.org\/es\/wp-json\/wp\/v2\/comments?post=15993"}],"version-history":[{"count":5,"href":"https:\/\/li-mac.org\/es\/wp-json\/wp\/v2\/pages\/15993\/revisions"}],"predecessor-version":[{"id":16093,"href":"https:\/\/li-mac.org\/es\/wp-json\/wp\/v2\/pages\/15993\/revisions\/16093"}],"up":[{"embeddable":true,"href":"https:\/\/li-mac.org\/es\/wp-json\/wp\/v2\/pages\/15519"}],"wp:featuredmedia":[{"embeddable":true,"href":"https:\/\/li-mac.org\/es\/wp-json\/wp\/v2\/media\/15895"}],"wp:attachment":[{"href":"https:\/\/li-mac.org\/es\/wp-json\/wp\/v2\/media?parent=15993"}],"curies":[{"name":"wp","href":"https:\/\/api.w.org\/{rel}","templated":true}]}}