{"id":15999,"date":"2012-11-30T23:56:52","date_gmt":"2012-11-30T23:56:52","guid":{"rendered":"http:\/\/li-mac.org\/?page_id=15999"},"modified":"2013-11-16T21:22:56","modified_gmt":"2013-11-16T21:22:56","slug":"fountain","status":"publish","type":"page","link":"https:\/\/li-mac.org\/es\/collection\/limac-collection\/fernando-sanchez-castillo\/info\/fountain\/","title":{"rendered":"Fuente"},"content":{"rendered":"<p>Un cami\u00f3n antidisturbios convertido en la fuente que impulsa la vida del estanque y que invita a la reflexi\u00f3n est\u00e9tica.<\/p>","protected":false},"excerpt":{"rendered":"<p><strong>Fernando S\u00e1nchez Castillo<\/strong> <small>(Espa\u00f1a,1970)<\/small><br \/>\n2003<br \/>\nInstalaci\u00f3n<br \/>\nCabina de cami\u00f3n y surtidor de agua<br \/>\nDimensiones variables<\/p>\n<p><small>(Cortes\u00eda del artista)<\/small><\/p>\n","protected":false},"author":3,"featured_media":15900,"parent":15519,"menu_order":118,"comment_status":"open","ping_status":"open","template":"image.php","meta":{"footnotes":""},"class_list":["post-15999","page","type-page","status-publish","has-post-thumbnail","hentry"],"_links":{"self":[{"href":"https:\/\/li-mac.org\/es\/wp-json\/wp\/v2\/pages\/15999","targetHints":{"allow":["GET"]}}],"collection":[{"href":"https:\/\/li-mac.org\/es\/wp-json\/wp\/v2\/pages"}],"about":[{"href":"https:\/\/li-mac.org\/es\/wp-json\/wp\/v2\/types\/page"}],"author":[{"embeddable":true,"href":"https:\/\/li-mac.org\/es\/wp-json\/wp\/v2\/users\/3"}],"replies":[{"embeddable":true,"href":"https:\/\/li-mac.org\/es\/wp-json\/wp\/v2\/comments?post=15999"}],"version-history":[{"count":4,"href":"https:\/\/li-mac.org\/es\/wp-json\/wp\/v2\/pages\/15999\/revisions"}],"predecessor-version":[{"id":18446,"href":"https:\/\/li-mac.org\/es\/wp-json\/wp\/v2\/pages\/15999\/revisions\/18446"}],"up":[{"embeddable":true,"href":"https:\/\/li-mac.org\/es\/wp-json\/wp\/v2\/pages\/15519"}],"wp:featuredmedia":[{"embeddable":true,"href":"https:\/\/li-mac.org\/es\/wp-json\/wp\/v2\/media\/15900"}],"wp:attachment":[{"href":"https:\/\/li-mac.org\/es\/wp-json\/wp\/v2\/media?parent=15999"}],"curies":[{"name":"wp","href":"https:\/\/api.w.org\/{rel}","templated":true}]}}