{"id":16010,"date":"2012-12-01T00:53:50","date_gmt":"2012-12-01T00:53:50","guid":{"rendered":"http:\/\/li-mac.org\/?page_id=16010"},"modified":"2012-12-10T11:21:34","modified_gmt":"2012-12-10T11:21:34","slug":"architecture-for-the-horse","status":"publish","type":"page","link":"https:\/\/li-mac.org\/es\/collection\/limac-collection\/fernando-sanchez-castillo\/info\/architecture-for-the-horse\/","title":{"rendered":"Arquitectura para el caballo"},"content":{"rendered":"<p>El edificio de la Facultad de Filosof\u00eda de la Universidad Aut\u00f3noma fue dise\u00f1ado para que la brigada antidisturbios pudiera entrar, incluso a caballo, con el fin de controlar cualquier rebeli\u00f3n estudiantil sin mucho esfuerzo.<\/p>","protected":false},"excerpt":{"rendered":"<p><strong>Fernando S\u00e1nchez Castillo<\/strong> <small>(Espa\u00f1a,1970)<\/small><br \/>\n2002<br \/>\nFotograf\u00edas y video<br \/>\nMedidas variables<\/p>\n<p><small>(Cortes\u00eda del artista)<\/small><\/p>\n","protected":false},"author":3,"featured_media":15888,"parent":15519,"menu_order":123,"comment_status":"open","ping_status":"open","template":"image.php","meta":{"footnotes":""},"class_list":["post-16010","page","type-page","status-publish","has-post-thumbnail","hentry"],"_links":{"self":[{"href":"https:\/\/li-mac.org\/es\/wp-json\/wp\/v2\/pages\/16010","targetHints":{"allow":["GET"]}}],"collection":[{"href":"https:\/\/li-mac.org\/es\/wp-json\/wp\/v2\/pages"}],"about":[{"href":"https:\/\/li-mac.org\/es\/wp-json\/wp\/v2\/types\/page"}],"author":[{"embeddable":true,"href":"https:\/\/li-mac.org\/es\/wp-json\/wp\/v2\/users\/3"}],"replies":[{"embeddable":true,"href":"https:\/\/li-mac.org\/es\/wp-json\/wp\/v2\/comments?post=16010"}],"version-history":[{"count":5,"href":"https:\/\/li-mac.org\/es\/wp-json\/wp\/v2\/pages\/16010\/revisions"}],"predecessor-version":[{"id":16097,"href":"https:\/\/li-mac.org\/es\/wp-json\/wp\/v2\/pages\/16010\/revisions\/16097"}],"up":[{"embeddable":true,"href":"https:\/\/li-mac.org\/es\/wp-json\/wp\/v2\/pages\/15519"}],"wp:featuredmedia":[{"embeddable":true,"href":"https:\/\/li-mac.org\/es\/wp-json\/wp\/v2\/media\/15888"}],"wp:attachment":[{"href":"https:\/\/li-mac.org\/es\/wp-json\/wp\/v2\/media?parent=16010"}],"curies":[{"name":"wp","href":"https:\/\/api.w.org\/{rel}","templated":true}]}}