{"id":16012,"date":"2012-12-04T16:04:13","date_gmt":"2012-12-04T16:04:13","guid":{"rendered":"http:\/\/li-mac.org\/?page_id=16012"},"modified":"2013-12-27T21:43:23","modified_gmt":"2013-12-27T21:43:23","slug":"protected-monuments","status":"publish","type":"page","link":"https:\/\/li-mac.org\/es\/collection\/limac-collection\/fernando-sanchez-castillo\/info\/protected-monuments\/","title":{"rendered":"Monumentos protegidos"},"content":{"rendered":"<p>Durante la Guerra Civil Espa\u00f1ola (1936-39) Madrid fue bombardeada continuamente. Su patrimonio hist\u00f3rico \u00a0se protegi\u00f3 con \u00a0construcciones \u00a0tipo las \u00a0recreadas en este trabajo de Fernando S\u00e1nchez Castillo. Durante tres a\u00f1os, la fisionomia del conjunto de la ciudad cambi\u00f3 por estas estructuras que se realizaron con estas formas por primera vez en la Historia. Una fachada barroca fue cubierta con un aspecto de edificio contempor\u00e1neo. Todos los t\u00e9cnicos y arquitectos \u00a0fueron encarcelados o muertos despu\u00e9s de la guerra . Seguir la pista de \u00a0la documentaci\u00f3n de este periodo \u00a0es dif\u00edcil y es obstaculizado por los pol\u00edticos actuales sobornados por aquellos que ganaron la guerra.<\/p>","protected":false},"excerpt":{"rendered":"<p><strong>Fernando S\u00e1nchez Castillo<\/strong> <small>(Espa\u00f1a,1970)<\/small><br \/>\n2005-2007<br \/>\nInstalaci\u00f3n<br \/>\nDimensiones variables<\/p>\n<p><small>(Cortes\u00eda del artista)<\/small><\/p>\n","protected":false},"author":3,"featured_media":16013,"parent":15519,"menu_order":124,"comment_status":"open","ping_status":"open","template":"image.php","meta":{"footnotes":""},"class_list":["post-16012","page","type-page","status-publish","has-post-thumbnail","hentry"],"_links":{"self":[{"href":"https:\/\/li-mac.org\/es\/wp-json\/wp\/v2\/pages\/16012","targetHints":{"allow":["GET"]}}],"collection":[{"href":"https:\/\/li-mac.org\/es\/wp-json\/wp\/v2\/pages"}],"about":[{"href":"https:\/\/li-mac.org\/es\/wp-json\/wp\/v2\/types\/page"}],"author":[{"embeddable":true,"href":"https:\/\/li-mac.org\/es\/wp-json\/wp\/v2\/users\/3"}],"replies":[{"embeddable":true,"href":"https:\/\/li-mac.org\/es\/wp-json\/wp\/v2\/comments?post=16012"}],"version-history":[{"count":4,"href":"https:\/\/li-mac.org\/es\/wp-json\/wp\/v2\/pages\/16012\/revisions"}],"predecessor-version":[{"id":19185,"href":"https:\/\/li-mac.org\/es\/wp-json\/wp\/v2\/pages\/16012\/revisions\/19185"}],"up":[{"embeddable":true,"href":"https:\/\/li-mac.org\/es\/wp-json\/wp\/v2\/pages\/15519"}],"wp:featuredmedia":[{"embeddable":true,"href":"https:\/\/li-mac.org\/es\/wp-json\/wp\/v2\/media\/16013"}],"wp:attachment":[{"href":"https:\/\/li-mac.org\/es\/wp-json\/wp\/v2\/media?parent=16012"}],"curies":[{"name":"wp","href":"https:\/\/api.w.org\/{rel}","templated":true}]}}