{"id":16029,"date":"2012-12-04T16:41:06","date_gmt":"2012-12-04T16:41:06","guid":{"rendered":"http:\/\/li-mac.org\/?page_id=16029"},"modified":"2013-11-16T21:22:40","modified_gmt":"2013-11-16T21:22:40","slug":"pegasus-dance","status":"publish","type":"page","link":"https:\/\/li-mac.org\/es\/collection\/limac-collection\/fernando-sanchez-castillo\/info\/pegasus-dance\/","title":{"rendered":"La danza de Pegaso"},"content":{"rendered":"<p>El video\u00a0<em>Pegasus Dance (<\/em>realizado en colaboraci\u00f3n con los agentes antidisturbios de R\u00f3tterdam ) muestra los camiones de este cuerpo de seguridad realizando una rom\u00e1ntica danza\u00a0<em>performativa<\/em>.<\/p>","protected":false},"excerpt":{"rendered":"<p><strong>Fernando S\u00e1nchez Castillo<\/strong> <small>(Espa\u00f1a,1970)<\/small><br \/>\n2007<br \/>\nFotogramas (DVD 12&#8242;:14&#8243;)<\/p>\n<p><small>(Cortes\u00eda del artista)<\/small><\/p>\n","protected":false},"author":3,"featured_media":15916,"parent":15519,"menu_order":125,"comment_status":"open","ping_status":"open","template":"image.php","meta":{"footnotes":""},"class_list":["post-16029","page","type-page","status-publish","has-post-thumbnail","hentry"],"_links":{"self":[{"href":"https:\/\/li-mac.org\/es\/wp-json\/wp\/v2\/pages\/16029","targetHints":{"allow":["GET"]}}],"collection":[{"href":"https:\/\/li-mac.org\/es\/wp-json\/wp\/v2\/pages"}],"about":[{"href":"https:\/\/li-mac.org\/es\/wp-json\/wp\/v2\/types\/page"}],"author":[{"embeddable":true,"href":"https:\/\/li-mac.org\/es\/wp-json\/wp\/v2\/users\/3"}],"replies":[{"embeddable":true,"href":"https:\/\/li-mac.org\/es\/wp-json\/wp\/v2\/comments?post=16029"}],"version-history":[{"count":3,"href":"https:\/\/li-mac.org\/es\/wp-json\/wp\/v2\/pages\/16029\/revisions"}],"predecessor-version":[{"id":18445,"href":"https:\/\/li-mac.org\/es\/wp-json\/wp\/v2\/pages\/16029\/revisions\/18445"}],"up":[{"embeddable":true,"href":"https:\/\/li-mac.org\/es\/wp-json\/wp\/v2\/pages\/15519"}],"wp:featuredmedia":[{"embeddable":true,"href":"https:\/\/li-mac.org\/es\/wp-json\/wp\/v2\/media\/15916"}],"wp:attachment":[{"href":"https:\/\/li-mac.org\/es\/wp-json\/wp\/v2\/media?parent=16029"}],"curies":[{"name":"wp","href":"https:\/\/api.w.org\/{rel}","templated":true}]}}