{"id":16055,"date":"2012-12-04T19:24:31","date_gmt":"2012-12-04T19:24:31","guid":{"rendered":"http:\/\/li-mac.org\/?page_id=16055"},"modified":"2013-12-27T21:47:12","modified_gmt":"2013-12-27T21:47:12","slug":"tactic","status":"publish","type":"page","link":"https:\/\/li-mac.org\/es\/collection\/limac-collection\/fernando-sanchez-castillo\/info\/tactic\/","title":{"rendered":"T\u00e1ctica"},"content":{"rendered":"<p>La video-instalaci\u00f3n T\u00e1ctica \u00a0nos muestra la relaci\u00f3n material, t\u00e1ctil, que entablan distintas personas invidentes con una pieza indiscutiblemente representativa del patrimonio monumental de Espa\u00f1a.<\/p>","protected":false},"excerpt":{"rendered":"<p><strong>Fernando S\u00e1nchez Castillo<\/strong> <small>(Espa\u00f1a,1970)<\/small><br \/>\n2010<br \/>\nVideo-instalaci\u00f3n.<br \/>\nDimensiones variables<\/p>\n<p><small>(Cortes\u00eda del artista)<\/small><\/p>\n","protected":false},"author":3,"featured_media":16056,"parent":15519,"menu_order":130,"comment_status":"open","ping_status":"open","template":"image.php","meta":{"footnotes":""},"class_list":["post-16055","page","type-page","status-publish","has-post-thumbnail","hentry"],"_links":{"self":[{"href":"https:\/\/li-mac.org\/es\/wp-json\/wp\/v2\/pages\/16055","targetHints":{"allow":["GET"]}}],"collection":[{"href":"https:\/\/li-mac.org\/es\/wp-json\/wp\/v2\/pages"}],"about":[{"href":"https:\/\/li-mac.org\/es\/wp-json\/wp\/v2\/types\/page"}],"author":[{"embeddable":true,"href":"https:\/\/li-mac.org\/es\/wp-json\/wp\/v2\/users\/3"}],"replies":[{"embeddable":true,"href":"https:\/\/li-mac.org\/es\/wp-json\/wp\/v2\/comments?post=16055"}],"version-history":[{"count":6,"href":"https:\/\/li-mac.org\/es\/wp-json\/wp\/v2\/pages\/16055\/revisions"}],"predecessor-version":[{"id":19187,"href":"https:\/\/li-mac.org\/es\/wp-json\/wp\/v2\/pages\/16055\/revisions\/19187"}],"up":[{"embeddable":true,"href":"https:\/\/li-mac.org\/es\/wp-json\/wp\/v2\/pages\/15519"}],"wp:featuredmedia":[{"embeddable":true,"href":"https:\/\/li-mac.org\/es\/wp-json\/wp\/v2\/media\/16056"}],"wp:attachment":[{"href":"https:\/\/li-mac.org\/es\/wp-json\/wp\/v2\/media?parent=16055"}],"curies":[{"name":"wp","href":"https:\/\/api.w.org\/{rel}","templated":true}]}}