{"id":16060,"date":"2012-12-04T20:22:33","date_gmt":"2012-12-04T20:22:33","guid":{"rendered":"http:\/\/li-mac.org\/?page_id=16060"},"modified":"2012-12-10T19:54:33","modified_gmt":"2012-12-10T19:54:33","slug":"guernica%c2%b4s-sindrome","status":"publish","type":"page","link":"https:\/\/li-mac.org\/es\/collection\/limac-collection\/fernando-sanchez-castillo\/info\/guernica%c2%b4s-sindrome\/","title":{"rendered":"S\u00edndrome de Guernica"},"content":{"rendered":"<p>El Azor es una embarcaci\u00f3n que fue construida por Astilleros Baz\u00e1n para uso y disfrute del jefe de Estado General Francisco Franco. Botada en 1949 y de 40 metros de eslora y 7,5 metros de manga, la nave fue utilizada como yate de recreo por Franco y su familia.<\/p>\n<p>Franco disfrut\u00f3 de su afici\u00f3n por la pesca en el Azor, especialmente la del at\u00fan, pero tambi\u00e9n se llevaron a cabo importantes reuniones pol\u00edticas como las llamadas conversaciones del Azor que tuvieron lugar en 1948 entre Franco y Don Juan de Borb\u00f3n donde se decidi\u00f3 que el entonces pr\u00edncipe , hoy Rey, estudiara en Espa\u00f1a.<\/p>\n<p>Tras la muerte de Franco, el barco fue utilizado en 1985 \u00a0por el entonces presidente de gobierno Felipe Gonz\u00e1lez en un pol\u00e9mico crucero de verano. En 1990 el Estado subast\u00f3 el barco especificando que el destino deb\u00eda de ser para desguace. No obstante, su comprador intent\u00f3 en vano convertirlo en un local de ocio flotante.<\/p>\n<p>Desde entonces, el Azor ha descansado y perdido lustre en las afueras de Cogollos, Burgos, convirti\u00e9ndose en reclamo tur\u00edstico para nost\u00e1lgicos y sorprendidos visitantes. A finales de 2011, Fernando S\u00e1nchez Castillo lo compra.<\/p>\n<p>El destino final de la embarcaci\u00f3n toma forma de un prisma compactado. Figura ensalzada en el minimalismo por su impersonalidad constructiva y por su ausencia de referencias sentimentales o emotivas.<\/p>","protected":false},"excerpt":{"rendered":"<p><strong>Fernando S\u00e1nchez Castillo<\/strong> <small>(Espa\u00f1a,1970)<\/small><br \/>\n2012<br \/>\nInstalaci\u00f3n<br \/>\nDimensiones variables<\/p>\n<p><small>(Cortes\u00eda del artista)<\/small><\/p>\n","protected":false},"author":3,"featured_media":15907,"parent":15519,"menu_order":132,"comment_status":"open","ping_status":"open","template":"image.php","meta":{"footnotes":""},"class_list":["post-16060","page","type-page","status-publish","has-post-thumbnail","hentry"],"_links":{"self":[{"href":"https:\/\/li-mac.org\/es\/wp-json\/wp\/v2\/pages\/16060","targetHints":{"allow":["GET"]}}],"collection":[{"href":"https:\/\/li-mac.org\/es\/wp-json\/wp\/v2\/pages"}],"about":[{"href":"https:\/\/li-mac.org\/es\/wp-json\/wp\/v2\/types\/page"}],"author":[{"embeddable":true,"href":"https:\/\/li-mac.org\/es\/wp-json\/wp\/v2\/users\/3"}],"replies":[{"embeddable":true,"href":"https:\/\/li-mac.org\/es\/wp-json\/wp\/v2\/comments?post=16060"}],"version-history":[{"count":12,"href":"https:\/\/li-mac.org\/es\/wp-json\/wp\/v2\/pages\/16060\/revisions"}],"predecessor-version":[{"id":16209,"href":"https:\/\/li-mac.org\/es\/wp-json\/wp\/v2\/pages\/16060\/revisions\/16209"}],"up":[{"embeddable":true,"href":"https:\/\/li-mac.org\/es\/wp-json\/wp\/v2\/pages\/15519"}],"wp:featuredmedia":[{"embeddable":true,"href":"https:\/\/li-mac.org\/es\/wp-json\/wp\/v2\/media\/15907"}],"wp:attachment":[{"href":"https:\/\/li-mac.org\/es\/wp-json\/wp\/v2\/media?parent=16060"}],"curies":[{"name":"wp","href":"https:\/\/api.w.org\/{rel}","templated":true}]}}