{"id":16129,"date":"2012-12-10T15:12:44","date_gmt":"2012-12-10T15:12:44","guid":{"rendered":"http:\/\/li-mac.org\/?page_id=16129"},"modified":"2013-11-14T20:06:05","modified_gmt":"2013-11-14T20:06:05","slug":"letter-to-the-censors","status":"publish","type":"page","link":"https:\/\/li-mac.org\/es\/collection\/limac-collection\/carlos-garaicoa\/works\/letter-to-the-censors\/","title":{"rendered":"Carta a los censores"},"content":{"rendered":"","protected":false},"excerpt":{"rendered":"<p><strong>Carlos Garaicoa<\/strong>  <small>(Cuba, 1967)<\/small><br \/>\n2003<br \/>\nInstalaci\u00f3n<br \/>\nMaqueta de madera, PVC, plexigl\u00e1s, cera, fotograf\u00edas, DVD, monitor, metal y cartulina. 140 x 225 x 115 cm. 10 cajas de luz con fotograf\u00edas Duratrans B\/N  (18.7 x 20.5 x 5.7 cm  c\/u).<\/p>\n<p><small>Tate Modern Collection, Inglaterra. Presentado por el Latin American Acquisition Committee con fondos donados por el American Fund de la Tate Gallery, Inglaterra, 2004.<\/small><\/p>\n<p><small> <a href=\"http:\/\/www.carlosgaraicoa.com\/\" rel=\"external\">(Cortes\u00eda del artista y Galer\u00eda Continua, San Giminiano, Beijing, Le Moulin)<\/a><\/small><\/p>\n","protected":false},"author":2,"featured_media":16132,"parent":15926,"menu_order":129,"comment_status":"open","ping_status":"open","template":"image.php","meta":{"footnotes":""},"class_list":["post-16129","page","type-page","status-publish","has-post-thumbnail","hentry"],"_links":{"self":[{"href":"https:\/\/li-mac.org\/es\/wp-json\/wp\/v2\/pages\/16129","targetHints":{"allow":["GET"]}}],"collection":[{"href":"https:\/\/li-mac.org\/es\/wp-json\/wp\/v2\/pages"}],"about":[{"href":"https:\/\/li-mac.org\/es\/wp-json\/wp\/v2\/types\/page"}],"author":[{"embeddable":true,"href":"https:\/\/li-mac.org\/es\/wp-json\/wp\/v2\/users\/2"}],"replies":[{"embeddable":true,"href":"https:\/\/li-mac.org\/es\/wp-json\/wp\/v2\/comments?post=16129"}],"version-history":[{"count":9,"href":"https:\/\/li-mac.org\/es\/wp-json\/wp\/v2\/pages\/16129\/revisions"}],"predecessor-version":[{"id":17939,"href":"https:\/\/li-mac.org\/es\/wp-json\/wp\/v2\/pages\/16129\/revisions\/17939"}],"up":[{"embeddable":true,"href":"https:\/\/li-mac.org\/es\/wp-json\/wp\/v2\/pages\/15926"}],"wp:featuredmedia":[{"embeddable":true,"href":"https:\/\/li-mac.org\/es\/wp-json\/wp\/v2\/media\/16132"}],"wp:attachment":[{"href":"https:\/\/li-mac.org\/es\/wp-json\/wp\/v2\/media?parent=16129"}],"curies":[{"name":"wp","href":"https:\/\/api.w.org\/{rel}","templated":true}]}}