{"id":16190,"date":"2012-12-10T17:56:11","date_gmt":"2012-12-10T17:56:11","guid":{"rendered":"http:\/\/li-mac.org\/?page_id=16190"},"modified":"2013-12-20T23:05:56","modified_gmt":"2013-12-20T23:05:56","slug":"heroes","status":"publish","type":"page","link":"https:\/\/li-mac.org\/es\/collection\/limac-collection\/pablo-patrucco\/work\/heroes\/","title":{"rendered":"H\u00e9roes"},"content":{"rendered":"<p><strong>HOMBRES DE BRONCE (AL CARBONCILLO)<\/strong><\/p>\n<p><strong>(Sobre la serie naciente de h\u00e9roes en la obra de Pablo Patrucco)<\/strong>\u00a0 Gustavo Buntinx<\/p>\n<p>Los fastos del bicentenario asoman ya en Am\u00e9rica Latina, pero restan todav\u00eda casi quince (15) a\u00f1os de celebraciones relacionadas a una u otra de nuestras independencias parciales. Precisamente el lapso de una generaci\u00f3n, que ve ya confrontadas esas solemnidades festivas con las incertidumbres de nuestras arduas transiciones presentes. Culturales y pol\u00edticas. Bajo la sombra, adem\u00e1s, del renacer cansado del caudillismo que encarn\u00f3 y naufrag\u00f3 todas las promesas de la vida republicana. Resistido, sin embargo, por un\u00a0 reflexionar nuevo para un futuro diferente.<\/p>\n<p>En la intersecci\u00f3n de esos dos vectores \u2013el ceremonial y conmemorativo, el vital y cr\u00edtico\u2013 emerge un arte pleno de cuestionamientos. Sobre el mito de la historia, penosamente sostenido sobre el mito del h\u00e9roe. Y sobre el lugar del arte mismo en esa construcci\u00f3n, tan dudosa como necesaria. O viceversa: la propia precariedad de la narrativa nacional hizo tanto m\u00e1s imperiosa su sobrecompensaci\u00f3n simb\u00f3lica mediante la iconizaci\u00f3n del cadillo. A veces hasta d\u00e1ndole rostro can\u00f3nico y ficticio a un semblante nunca registrado en vida. Y siempre aspirando a su perpetuaci\u00f3n escult\u00f3rica. De preferencia ecuestre.<\/p>\n<p>Literalmente \u201chombres de bronce\u201d, como alegorizaba una conocida serie televisiva peruana sobre los forjadores epop\u00e9yicos de la patria y otras \u201cvidas ejemplares\u201d. Es tambi\u00e9n esa materialidad la que el naciente proyecto art\u00edstico de Pablo Patrucco confronta al confrontar la figura oficial del h\u00e9roe en su monumentalizaci\u00f3n urbana. Hay una criticidad aguda inscrita en el propio gesto de llevar la majestad eterna del metal a la fragilidad temporal del trazo gr\u00e1fico sobre lienzos que no conocer\u00e1n siquiera al \u00f3leo. Atenci\u00f3n a la energ\u00eda oculta en la mera opci\u00f3n por el l\u00e1piz sencillo. El modesto carboncillo que sin embargo alcanza otras connotaciones heroicas en las dimensiones de la tela y en el magisterio de una destreza art\u00edstica casi anacr\u00f3nicamente dotada para el matiz preciso y sutil. Una <em>academia, <\/em>si se quiere, ins\u00f3litamente actualizada por la actualidad maltrecha de la estatuaria convencional que la inspira. Y por la inteligencia visual que en estas im\u00e1genes de im\u00e1genes condensa la pretensi\u00f3n realista del volumen en la ilusi\u00f3n de las dos dimensiones.<\/p>\n<p>Que nadie sea llamado a error: tras el elogio evidente de la mano en estos trabajos asoma una poderosa meditaci\u00f3n cultural y pol\u00edtica. Una inquietud compleja sobre el devenir comunitario congelado en la fetichizaci\u00f3n heroica. La propuesta de Patrucco trasciende el gesto desconstructivo para articular casi una melancol\u00eda. Pero el gesto esbozado no es ya de fijaci\u00f3n en el objeto perdido sino acaso de despedida. Y de perspectiva. Lineal y atmosf\u00e9rica. Gr\u00e1fica e hist\u00f3rica.<\/p>\n<p>\u00bfD\u00f3nde el heroismo de hoy, cu\u00e1les sus rasgos por configurar?<\/p>","protected":false},"excerpt":{"rendered":"<p><strong>Pablo Patrucco<\/strong> (Per\u00fa, 1975)<br \/>\n2011<br \/>\nL\u00e1piz sobre lienzo<br \/>\nDimensions variables<\/p>\n<p><small><a href=\"http:\/\/www.pablopatrucco.com\/\" rel=\"external\">(Cortes\u00eda del artista)<\/a><\/small><\/p>\n","protected":false},"author":2,"featured_media":16189,"parent":1566,"menu_order":76,"comment_status":"open","ping_status":"open","template":"image.php","meta":{"footnotes":""},"class_list":["post-16190","page","type-page","status-publish","has-post-thumbnail","hentry"],"_links":{"self":[{"href":"https:\/\/li-mac.org\/es\/wp-json\/wp\/v2\/pages\/16190","targetHints":{"allow":["GET"]}}],"collection":[{"href":"https:\/\/li-mac.org\/es\/wp-json\/wp\/v2\/pages"}],"about":[{"href":"https:\/\/li-mac.org\/es\/wp-json\/wp\/v2\/types\/page"}],"author":[{"embeddable":true,"href":"https:\/\/li-mac.org\/es\/wp-json\/wp\/v2\/users\/2"}],"replies":[{"embeddable":true,"href":"https:\/\/li-mac.org\/es\/wp-json\/wp\/v2\/comments?post=16190"}],"version-history":[{"count":7,"href":"https:\/\/li-mac.org\/es\/wp-json\/wp\/v2\/pages\/16190\/revisions"}],"predecessor-version":[{"id":19032,"href":"https:\/\/li-mac.org\/es\/wp-json\/wp\/v2\/pages\/16190\/revisions\/19032"}],"up":[{"embeddable":true,"href":"https:\/\/li-mac.org\/es\/wp-json\/wp\/v2\/pages\/1566"}],"wp:featuredmedia":[{"embeddable":true,"href":"https:\/\/li-mac.org\/es\/wp-json\/wp\/v2\/media\/16189"}],"wp:attachment":[{"href":"https:\/\/li-mac.org\/es\/wp-json\/wp\/v2\/media?parent=16190"}],"curies":[{"name":"wp","href":"https:\/\/api.w.org\/{rel}","templated":true}]}}