{"id":16308,"date":"2012-12-11T22:55:39","date_gmt":"2012-12-11T22:55:39","guid":{"rendered":"http:\/\/li-mac.org\/?page_id=16308"},"modified":"2012-12-11T23:01:53","modified_gmt":"2012-12-11T23:01:53","slug":"sloppy-joe%c2%b4s-bar-dream","status":"publish","type":"page","link":"https:\/\/li-mac.org\/es\/collection\/limac-collection\/carlos-garaicoa\/works\/sloppy-joe%c2%b4s-bar-dream\/","title":{"rendered":"Sloppy Joe\u00b4s bar dream"},"content":{"rendered":"","protected":false},"excerpt":{"rendered":"<p><strong>Carlos Garaicoa<\/strong>  <small>(Cuba, 1967)<\/small><br \/>\n1995<br \/>\nInstalaci\u00f3n con barra de bar en madera y cer\u00e1mica pintada a mano, vino, fotograf\u00edas, rococola, m\u00fasica, vasos y estantes. Dimensiones variables seg\u00fan la instalaci\u00f3n<\/p>\n<p><small><a href=\"http:\/\/www.oaktaylorsmith.com\/\" rel=\"external\">(Fotos de Oak Taylor-Smith)<\/a><\/small><\/p>\n<p><small> <a href=\"http:\/\/www.carlosgaraicoa.com\/\" rel=\"external\">(Cortes\u00eda del artista y Galer\u00eda Continua, San Giminiano, Beijing, Le Moulin)<\/a><\/small><\/p>\n","protected":false},"author":2,"featured_media":16317,"parent":15926,"menu_order":119,"comment_status":"open","ping_status":"open","template":"image.php","meta":{"footnotes":""},"class_list":["post-16308","page","type-page","status-publish","has-post-thumbnail","hentry"],"_links":{"self":[{"href":"https:\/\/li-mac.org\/es\/wp-json\/wp\/v2\/pages\/16308","targetHints":{"allow":["GET"]}}],"collection":[{"href":"https:\/\/li-mac.org\/es\/wp-json\/wp\/v2\/pages"}],"about":[{"href":"https:\/\/li-mac.org\/es\/wp-json\/wp\/v2\/types\/page"}],"author":[{"embeddable":true,"href":"https:\/\/li-mac.org\/es\/wp-json\/wp\/v2\/users\/2"}],"replies":[{"embeddable":true,"href":"https:\/\/li-mac.org\/es\/wp-json\/wp\/v2\/comments?post=16308"}],"version-history":[{"count":4,"href":"https:\/\/li-mac.org\/es\/wp-json\/wp\/v2\/pages\/16308\/revisions"}],"predecessor-version":[{"id":16322,"href":"https:\/\/li-mac.org\/es\/wp-json\/wp\/v2\/pages\/16308\/revisions\/16322"}],"up":[{"embeddable":true,"href":"https:\/\/li-mac.org\/es\/wp-json\/wp\/v2\/pages\/15926"}],"wp:featuredmedia":[{"embeddable":true,"href":"https:\/\/li-mac.org\/es\/wp-json\/wp\/v2\/media\/16317"}],"wp:attachment":[{"href":"https:\/\/li-mac.org\/es\/wp-json\/wp\/v2\/media?parent=16308"}],"curies":[{"name":"wp","href":"https:\/\/api.w.org\/{rel}","templated":true}]}}