{"id":16351,"date":"2012-12-12T11:07:58","date_gmt":"2012-12-12T11:07:58","guid":{"rendered":"http:\/\/li-mac.org\/?page_id=16351"},"modified":"2012-12-12T11:09:16","modified_gmt":"2012-12-12T11:09:16","slug":"the-decapitation-game","status":"publish","type":"page","link":"https:\/\/li-mac.org\/es\/collection\/limac-collection\/carlos-garaicoa\/works\/the-decapitation-game\/","title":{"rendered":"El juego de las decapitaciones"},"content":{"rendered":"","protected":false},"excerpt":{"rendered":"<p><strong>Carlos Garaicoa<\/strong>  <small>(Cuba, 1967)<\/small><br \/>\n1993<br \/>\nInstalaci\u00f3n: Objeto de concreto de 60 cm de di\u00e1metro, tres fotograf\u00edas plata sobre gelatina, 50 x 60 cm. Dimensiones: 150 x 300 cm.<\/p>\n<p><small>(Colecci\u00f3n Howard Farber, EUA)<\/small><br \/>\n<small> <a href=\"http:\/\/www.carlosgaraicoa.com\/\" rel=\"external\">(Cortes\u00eda del artista y Galer\u00eda Continua, San Giminiano, Beijing, Le Moulin)<\/a><\/small><\/p>\n","protected":false},"author":2,"featured_media":16348,"parent":15926,"menu_order":117,"comment_status":"open","ping_status":"open","template":"image.php","meta":{"footnotes":""},"class_list":["post-16351","page","type-page","status-publish","has-post-thumbnail","hentry"],"_links":{"self":[{"href":"https:\/\/li-mac.org\/es\/wp-json\/wp\/v2\/pages\/16351","targetHints":{"allow":["GET"]}}],"collection":[{"href":"https:\/\/li-mac.org\/es\/wp-json\/wp\/v2\/pages"}],"about":[{"href":"https:\/\/li-mac.org\/es\/wp-json\/wp\/v2\/types\/page"}],"author":[{"embeddable":true,"href":"https:\/\/li-mac.org\/es\/wp-json\/wp\/v2\/users\/2"}],"replies":[{"embeddable":true,"href":"https:\/\/li-mac.org\/es\/wp-json\/wp\/v2\/comments?post=16351"}],"version-history":[{"count":3,"href":"https:\/\/li-mac.org\/es\/wp-json\/wp\/v2\/pages\/16351\/revisions"}],"predecessor-version":[{"id":16355,"href":"https:\/\/li-mac.org\/es\/wp-json\/wp\/v2\/pages\/16351\/revisions\/16355"}],"up":[{"embeddable":true,"href":"https:\/\/li-mac.org\/es\/wp-json\/wp\/v2\/pages\/15926"}],"wp:featuredmedia":[{"embeddable":true,"href":"https:\/\/li-mac.org\/es\/wp-json\/wp\/v2\/media\/16348"}],"wp:attachment":[{"href":"https:\/\/li-mac.org\/es\/wp-json\/wp\/v2\/media?parent=16351"}],"curies":[{"name":"wp","href":"https:\/\/api.w.org\/{rel}","templated":true}]}}