{"id":1638,"date":"2011-08-28T14:44:38","date_gmt":"2011-08-28T14:44:38","guid":{"rendered":"http:\/\/li-mac.org\/wp\/"},"modified":"2012-01-18T22:45:08","modified_gmt":"2012-01-18T22:45:08","slug":"post-production","status":"publish","type":"page","link":"https:\/\/li-mac.org\/es\/library\/text-books-philosophy-anthropology\/cultural-theory\/post-production\/","title":{"rendered":"Post Producci\u00f3n"},"content":{"rendered":"<p>Esta pintura fue hecha al tama\u00f1o original del libro \u00abPost Producci\u00f3n\u00bb escrito por Nicolas Bourriaud. El ensayo analiza como los flujos de informaci\u00f3n de la cultura contempor\u00e1nea globalizada dan un nuevo concepto de autor\u00eda. La versi\u00f3n en espa\u00f1ol de este libro ha sido publicada por <em>Adriana Hidalgo Editora<\/em> en 2004.<\/p>","protected":false},"excerpt":{"rendered":"<p><strong>Biblioteca LiMAC<\/strong><br \/>\n2010<br \/>\n\u00f3leo sobre tela<br \/>\n19,5 x 14,5 x 1 cm.<\/p>\n","protected":false},"author":2,"featured_media":1073,"parent":3264,"menu_order":867,"comment_status":"open","ping_status":"open","template":"image.php","meta":{"footnotes":""},"class_list":["post-1638","page","type-page","status-publish","has-post-thumbnail","hentry"],"_links":{"self":[{"href":"https:\/\/li-mac.org\/es\/wp-json\/wp\/v2\/pages\/1638","targetHints":{"allow":["GET"]}}],"collection":[{"href":"https:\/\/li-mac.org\/es\/wp-json\/wp\/v2\/pages"}],"about":[{"href":"https:\/\/li-mac.org\/es\/wp-json\/wp\/v2\/types\/page"}],"author":[{"embeddable":true,"href":"https:\/\/li-mac.org\/es\/wp-json\/wp\/v2\/users\/2"}],"replies":[{"embeddable":true,"href":"https:\/\/li-mac.org\/es\/wp-json\/wp\/v2\/comments?post=1638"}],"version-history":[{"count":14,"href":"https:\/\/li-mac.org\/es\/wp-json\/wp\/v2\/pages\/1638\/revisions"}],"predecessor-version":[{"id":1701,"href":"https:\/\/li-mac.org\/es\/wp-json\/wp\/v2\/pages\/1638\/revisions\/1701"}],"up":[{"embeddable":true,"href":"https:\/\/li-mac.org\/es\/wp-json\/wp\/v2\/pages\/3264"}],"wp:featuredmedia":[{"embeddable":true,"href":"https:\/\/li-mac.org\/es\/wp-json\/wp\/v2\/media\/1073"}],"wp:attachment":[{"href":"https:\/\/li-mac.org\/es\/wp-json\/wp\/v2\/media?parent=1638"}],"curies":[{"name":"wp","href":"https:\/\/api.w.org\/{rel}","templated":true}]}}