{"id":16381,"date":"2012-12-13T11:21:26","date_gmt":"2012-12-13T11:21:26","guid":{"rendered":"http:\/\/li-mac.org\/?page_id=16381"},"modified":"2012-12-13T11:38:23","modified_gmt":"2012-12-13T11:38:23","slug":"end-of-silence","status":"publish","type":"page","link":"https:\/\/li-mac.org\/es\/collection\/limac-collection\/carlos-garaicoa\/works\/end-of-silence\/","title":{"rendered":"Fin de Silencio"},"content":{"rendered":"","protected":false},"excerpt":{"rendered":"<p><strong>Carlos Garaicoa<\/strong>  <small>(Cuba, 1967)<\/small><br \/>\n2010<br \/>\nInstalaci\u00f3n: Siete tapices en lana, algod\u00f3n mercurizado, trevira-cs, algod\u00f3n, poli\u00e9ster, acr\u00edlico y l\u00farex (aluminio)<br \/>\nDos videos Mini-DV transferidos a DVD<\/p>\n<p><small> <a href=\"http:\/\/www.carlosgaraicoa.com\/\" rel=\"external\">(Cortes\u00eda del artista y Galer\u00eda Continua, San Giminiano, Beijing, Le Moulin)<\/a><\/small><\/p>\n","protected":false},"author":2,"featured_media":16366,"parent":15926,"menu_order":145,"comment_status":"open","ping_status":"open","template":"image.php","meta":{"footnotes":""},"class_list":["post-16381","page","type-page","status-publish","has-post-thumbnail","hentry"],"_links":{"self":[{"href":"https:\/\/li-mac.org\/es\/wp-json\/wp\/v2\/pages\/16381","targetHints":{"allow":["GET"]}}],"collection":[{"href":"https:\/\/li-mac.org\/es\/wp-json\/wp\/v2\/pages"}],"about":[{"href":"https:\/\/li-mac.org\/es\/wp-json\/wp\/v2\/types\/page"}],"author":[{"embeddable":true,"href":"https:\/\/li-mac.org\/es\/wp-json\/wp\/v2\/users\/2"}],"replies":[{"embeddable":true,"href":"https:\/\/li-mac.org\/es\/wp-json\/wp\/v2\/comments?post=16381"}],"version-history":[{"count":3,"href":"https:\/\/li-mac.org\/es\/wp-json\/wp\/v2\/pages\/16381\/revisions"}],"predecessor-version":[{"id":16384,"href":"https:\/\/li-mac.org\/es\/wp-json\/wp\/v2\/pages\/16381\/revisions\/16384"}],"up":[{"embeddable":true,"href":"https:\/\/li-mac.org\/es\/wp-json\/wp\/v2\/pages\/15926"}],"wp:featuredmedia":[{"embeddable":true,"href":"https:\/\/li-mac.org\/es\/wp-json\/wp\/v2\/media\/16366"}],"wp:attachment":[{"href":"https:\/\/li-mac.org\/es\/wp-json\/wp\/v2\/media?parent=16381"}],"curies":[{"name":"wp","href":"https:\/\/api.w.org\/{rel}","templated":true}]}}