{"id":16415,"date":"2012-12-13T14:47:51","date_gmt":"2012-12-13T14:47:51","guid":{"rendered":"http:\/\/li-mac.org\/?page_id=16415"},"modified":"2012-12-13T15:11:08","modified_gmt":"2012-12-13T15:11:08","slug":"chanson-d%c2%b4automne-fall-song","status":"publish","type":"page","link":"https:\/\/li-mac.org\/es\/projects\/rests-in-press\/2009-3\/chanson-d%c2%b4automne-fall-song\/","title":{"rendered":"Chanson d\u00b4Automne (Canci\u00f3n de oto\u00f1o)"},"content":{"rendered":"<p>Un conjunto de art\u00edculos de <em>The Wall Street Journal<\/em> de septiembre de 2008, un mes rico en titulares apocal\u00edpticos que culminaron con el colapso casi total del sistema financiero mundial. Dentro de estos recortes, una narrativa alternativa emerge en forma de versos de poes\u00eda, como si decodificado en el papel de peri\u00f3dico y materializandose mediante marcas en l\u00e1piz graso rojo. La poes\u00eda se revela desde dentro de las l\u00edneas de fractura de un orden econ\u00f3mico disfuncional.<\/p>\n<p>La yuxtaposici\u00f3n adquiere un significado pol\u00edtico enigm\u00e1tico cuando se nos recuerda una aparici\u00f3n previa en los medios de estos mismos versos de Paul Verlaine Automne <em>Chanson d&#8217;automne (Canci\u00f3n de oto\u00f1o)<\/em>. \u00abCuando un suspiro comienza \/ en los violines \/ de la canci\u00f3n de oto\u00f1o\u00bb fue transmitido por la BBC en 1944 como una se\u00f1al codificada a la resistencia francesa que la invasi\u00f3n de Normand\u00eda era inminente. Y en la v\u00edspera del D\u00eda-D \u00abMi coraz\u00f3n se ahoga \/ en el sonido lento \/ l\u00e1nguido y largo plazo\u00bb desencaden\u00f3 actos de sabotaje tras las l\u00edneas enemigas.<\/p>\n<p><em>Chanson d&#8217;Automne<\/em> trata el drama de la ca\u00edda de 2008, con un humor po\u00e9tico, mientras que al mismo tiempo el cuestionamiento de qu\u00e9 formas de resistencia, ya sea abierta o encubierta, permanecen en juego en un momento en que el capitalismo est\u00e1 en crisis, y las teor\u00edas triunfantes sobre \u00abEl Fin de la Historia\u00bb est\u00e1n siendo reemplazados por la incertidumbre total de cap\u00edtulos por venir.<\/p>","protected":false},"excerpt":{"rendered":"<p><strong>Eric Baudelaire<\/strong> <small>(Estados Unidos, 1973)<\/small><br \/>\n2009<br \/>\nL\u00e1piz grasso sobre p\u00e1ginas del Wall Street Journal de Septiembre 2008<br \/>\n72 x 256 cm<\/p>\n<p><small> <a href=\"http:\/\/baudelaire.net\/\" rel=\"external\">(Cortes\u00eda del artista)<\/a><\/small><\/p>\n","protected":false},"author":2,"featured_media":16413,"parent":9133,"menu_order":578,"comment_status":"open","ping_status":"open","template":"image.php","meta":{"footnotes":""},"class_list":["post-16415","page","type-page","status-publish","has-post-thumbnail","hentry"],"_links":{"self":[{"href":"https:\/\/li-mac.org\/es\/wp-json\/wp\/v2\/pages\/16415","targetHints":{"allow":["GET"]}}],"collection":[{"href":"https:\/\/li-mac.org\/es\/wp-json\/wp\/v2\/pages"}],"about":[{"href":"https:\/\/li-mac.org\/es\/wp-json\/wp\/v2\/types\/page"}],"author":[{"embeddable":true,"href":"https:\/\/li-mac.org\/es\/wp-json\/wp\/v2\/users\/2"}],"replies":[{"embeddable":true,"href":"https:\/\/li-mac.org\/es\/wp-json\/wp\/v2\/comments?post=16415"}],"version-history":[{"count":8,"href":"https:\/\/li-mac.org\/es\/wp-json\/wp\/v2\/pages\/16415\/revisions"}],"predecessor-version":[{"id":16429,"href":"https:\/\/li-mac.org\/es\/wp-json\/wp\/v2\/pages\/16415\/revisions\/16429"}],"up":[{"embeddable":true,"href":"https:\/\/li-mac.org\/es\/wp-json\/wp\/v2\/pages\/9133"}],"wp:featuredmedia":[{"embeddable":true,"href":"https:\/\/li-mac.org\/es\/wp-json\/wp\/v2\/media\/16413"}],"wp:attachment":[{"href":"https:\/\/li-mac.org\/es\/wp-json\/wp\/v2\/media?parent=16415"}],"curies":[{"name":"wp","href":"https:\/\/api.w.org\/{rel}","templated":true}]}}