{"id":1644,"date":"2011-08-28T15:00:07","date_gmt":"2011-08-28T15:00:07","guid":{"rendered":"http:\/\/li-mac.org\/wp\/"},"modified":"2012-01-18T18:29:19","modified_gmt":"2012-01-18T18:29:19","slug":"cromophobia","status":"publish","type":"page","link":"https:\/\/li-mac.org\/es\/library\/text-books-philosophy-anthropology\/cultural-theory\/cromophobia\/","title":{"rendered":"Cromofobia"},"content":{"rendered":"<p>Esta pintura fue hecha al tama\u00f1o original del libro \u00abCromofobia\u00bb\u00a0 escrito por el artista y te\u00f3rico David Batchelor. El ensayo se centra sobre los efectos psicol\u00f3gicos del color a lo largo de la historia en campos como el arte, la literatura o la arquitectura. La portada es la de la versi\u00f3n espa\u00f1ola publicada por <em>Editorial S\u00edntesis<\/em>.<\/p>","protected":false},"excerpt":{"rendered":"<p><strong>Biblioteca LiMAC<\/strong><br \/>\n2010<br \/>\n\u00f3leo sobre lienzo<br \/>\n21 x 13 x 1 cm.<\/p>\n","protected":false},"author":2,"featured_media":1031,"parent":3264,"menu_order":257,"comment_status":"open","ping_status":"open","template":"image.php","meta":{"footnotes":""},"class_list":["post-1644","page","type-page","status-publish","has-post-thumbnail","hentry"],"_links":{"self":[{"href":"https:\/\/li-mac.org\/es\/wp-json\/wp\/v2\/pages\/1644","targetHints":{"allow":["GET"]}}],"collection":[{"href":"https:\/\/li-mac.org\/es\/wp-json\/wp\/v2\/pages"}],"about":[{"href":"https:\/\/li-mac.org\/es\/wp-json\/wp\/v2\/types\/page"}],"author":[{"embeddable":true,"href":"https:\/\/li-mac.org\/es\/wp-json\/wp\/v2\/users\/2"}],"replies":[{"embeddable":true,"href":"https:\/\/li-mac.org\/es\/wp-json\/wp\/v2\/comments?post=1644"}],"version-history":[{"count":8,"href":"https:\/\/li-mac.org\/es\/wp-json\/wp\/v2\/pages\/1644\/revisions"}],"predecessor-version":[{"id":12176,"href":"https:\/\/li-mac.org\/es\/wp-json\/wp\/v2\/pages\/1644\/revisions\/12176"}],"up":[{"embeddable":true,"href":"https:\/\/li-mac.org\/es\/wp-json\/wp\/v2\/pages\/3264"}],"wp:featuredmedia":[{"embeddable":true,"href":"https:\/\/li-mac.org\/es\/wp-json\/wp\/v2\/media\/1031"}],"wp:attachment":[{"href":"https:\/\/li-mac.org\/es\/wp-json\/wp\/v2\/media?parent=1644"}],"curies":[{"name":"wp","href":"https:\/\/api.w.org\/{rel}","templated":true}]}}