{"id":1648,"date":"2011-08-28T15:36:22","date_gmt":"2011-08-28T15:36:22","guid":{"rendered":"http:\/\/li-mac.org\/wp\/"},"modified":"2012-01-18T02:46:56","modified_gmt":"2012-01-18T02:46:56","slug":"this-is-not-a-pipe-essay-on-magritte","status":"publish","type":"page","link":"https:\/\/li-mac.org\/es\/library\/text-books-philosophy-anthropology\/book-covers\/this-is-not-a-pipe-essay-on-magritte\/","title":{"rendered":"Esto no es una pipa (Ensayo sobre Magritte)"},"content":{"rendered":"<p>Esta pintura esta hecha al tama\u00f1o original del libro \u00abEsto no es una pipa\u00bb escrito por Michel Foucault. El ensayo analiza la relaci\u00f3n entre la imagen y la palabra dentro de los cuadros de Magritte. La edici\u00f3n original ha sido publicada en 1973 en Francia. Esta portada es la de la sexta edici\u00f3n espa\u00f1ola editada por <em>Anagrama<\/em>.<\/p>","protected":false},"excerpt":{"rendered":"<p><strong>Biblioteca LiMAC<\/strong><br \/>\n2010<br \/>\n\u00f3leo sobre lienzo<br \/>\n20,5 x 12,5 x 0,7 cm.<\/p>\n","protected":false},"author":2,"featured_media":1096,"parent":1095,"menu_order":1255,"comment_status":"open","ping_status":"open","template":"image.php","meta":{"footnotes":""},"class_list":["post-1648","page","type-page","status-publish","has-post-thumbnail","hentry"],"_links":{"self":[{"href":"https:\/\/li-mac.org\/es\/wp-json\/wp\/v2\/pages\/1648","targetHints":{"allow":["GET"]}}],"collection":[{"href":"https:\/\/li-mac.org\/es\/wp-json\/wp\/v2\/pages"}],"about":[{"href":"https:\/\/li-mac.org\/es\/wp-json\/wp\/v2\/types\/page"}],"author":[{"embeddable":true,"href":"https:\/\/li-mac.org\/es\/wp-json\/wp\/v2\/users\/2"}],"replies":[{"embeddable":true,"href":"https:\/\/li-mac.org\/es\/wp-json\/wp\/v2\/comments?post=1648"}],"version-history":[{"count":7,"href":"https:\/\/li-mac.org\/es\/wp-json\/wp\/v2\/pages\/1648\/revisions"}],"predecessor-version":[{"id":11598,"href":"https:\/\/li-mac.org\/es\/wp-json\/wp\/v2\/pages\/1648\/revisions\/11598"}],"up":[{"embeddable":true,"href":"https:\/\/li-mac.org\/es\/wp-json\/wp\/v2\/pages\/1095"}],"wp:featuredmedia":[{"embeddable":true,"href":"https:\/\/li-mac.org\/es\/wp-json\/wp\/v2\/media\/1096"}],"wp:attachment":[{"href":"https:\/\/li-mac.org\/es\/wp-json\/wp\/v2\/media?parent=1648"}],"curies":[{"name":"wp","href":"https:\/\/api.w.org\/{rel}","templated":true}]}}