{"id":16492,"date":"2013-01-22T18:00:46","date_gmt":"2013-01-22T18:00:46","guid":{"rendered":"http:\/\/li-mac.org\/?page_id=16492"},"modified":"2013-01-22T22:12:26","modified_gmt":"2013-01-22T22:12:26","slug":"new-wildlife-a-french-garden","status":"publish","type":"page","link":"https:\/\/li-mac.org\/es\/exhibitions\/temporary-exhibitions\/collection-the-foundational-crime\/works\/new-wildlife-a-french-garden\/","title":{"rendered":"Nueva fauna y flora (un jard\u00edn franc\u00e9s)"},"content":{"rendered":"<p><em>Nueva fauna y flora (un jard\u00edn franc\u00e9s) <\/em>es una obra que conjunta estrategias art\u00edsticas, sociol\u00f3gicas y geogr\u00e1ficas. El proceso creativo se activa a partir de la formaci\u00f3n de un taller de trabajo con un grupo de colaboradores que realizan una serie de expediciones urbanas. A cada participante se le brinda una libreta y una c\u00e1mara fotogr\u00e1fica desechable. El taller, impartido por el artista, consiste en el desarrollo de t\u00e9cnicas de observaci\u00f3n y reflexi\u00f3n. En este caso, el centro de operaciones es la colonia Roma, emplazamiento urbano donde se localiza el MUCA Roma, en donde cada participante produce mapas mentales, documentaci\u00f3n fotograf\u00eda, diarios de campo, entre otros. Se propone entonces una lectura del tejido social y econ\u00f3mico de esta zona tomando como modelo las expediciones naturalistas en Am\u00e9rica, y recurre a la <em>museificaci\u00f3n <\/em>como \u00a0una \u00a0estrategia \u00a0adicional \u00a0para \u00a0generar signos cuyas referencias son exteriores al arte.<\/p>\n<p>Participantes:<\/p>\n<p>Eduardo Javier Altamirano Yllescas<\/p>\n<p>Corina Casta\u00f1eda S\u00e1nchez<\/p>\n<p>Tania D\u00edaz<\/p>\n<p>Alma Gonz\u00e1lez Ferrer Alejandro Ju\u00e1rez Guerrero Gabriela Macedo Osorio Claudia Mar\u00edn<\/p>\n<p>Ana Paulina Matamoros Vences<\/p>\n<p>Xally Ana M\u00e9ndez L\u00f3pez<\/p>\n<p>Laura Daniela Merchant Barrueta Jessica Ponce de Le\u00f3n Castellanos Geovanna Vald\u00e9s Senties<\/p>","protected":false},"excerpt":{"rendered":"<p><strong>Fernando Escobar Neira<\/strong> <small>(Colombia, 1973)<\/small><br \/>\n2012<br \/>\nInstalaci\u00f3n<br \/>\nDimensiones variables<\/p>\n<p><small>(Cr\u00e9dito fotografico: Jos\u00e9 Jasso)<br \/>\n(Cortes\u00eda del artista)<\/small><\/p>\n","protected":false},"author":2,"featured_media":16479,"parent":16458,"menu_order":0,"comment_status":"open","ping_status":"open","template":"image.php","meta":{"footnotes":""},"class_list":["post-16492","page","type-page","status-publish","has-post-thumbnail","hentry"],"_links":{"self":[{"href":"https:\/\/li-mac.org\/es\/wp-json\/wp\/v2\/pages\/16492","targetHints":{"allow":["GET"]}}],"collection":[{"href":"https:\/\/li-mac.org\/es\/wp-json\/wp\/v2\/pages"}],"about":[{"href":"https:\/\/li-mac.org\/es\/wp-json\/wp\/v2\/types\/page"}],"author":[{"embeddable":true,"href":"https:\/\/li-mac.org\/es\/wp-json\/wp\/v2\/users\/2"}],"replies":[{"embeddable":true,"href":"https:\/\/li-mac.org\/es\/wp-json\/wp\/v2\/comments?post=16492"}],"version-history":[{"count":4,"href":"https:\/\/li-mac.org\/es\/wp-json\/wp\/v2\/pages\/16492\/revisions"}],"predecessor-version":[{"id":16542,"href":"https:\/\/li-mac.org\/es\/wp-json\/wp\/v2\/pages\/16492\/revisions\/16542"}],"up":[{"embeddable":true,"href":"https:\/\/li-mac.org\/es\/wp-json\/wp\/v2\/pages\/16458"}],"wp:featuredmedia":[{"embeddable":true,"href":"https:\/\/li-mac.org\/es\/wp-json\/wp\/v2\/media\/16479"}],"wp:attachment":[{"href":"https:\/\/li-mac.org\/es\/wp-json\/wp\/v2\/media?parent=16492"}],"curies":[{"name":"wp","href":"https:\/\/api.w.org\/{rel}","templated":true}]}}