{"id":16495,"date":"2013-01-22T18:20:02","date_gmt":"2013-01-22T18:20:02","guid":{"rendered":"http:\/\/li-mac.org\/?page_id=16495"},"modified":"2013-01-31T10:24:33","modified_gmt":"2013-01-31T10:24:33","slug":"muca-roma-documentation-center","status":"publish","type":"page","link":"https:\/\/li-mac.org\/es\/exhibitions\/temporary-exhibitions\/collection-the-foundational-crime\/works\/muca-roma-documentation-center\/","title":{"rendered":"Centro de documentaci\u00f3n Muca Roma"},"content":{"rendered":"<p>Esta obra se basa en un proceso de exploraci\u00f3n de las instalaciones, los proyectos y la estructura administrativa del MUCA Roma. <em>Centro de documentaci\u00f3n <\/em>es una instalaci\u00f3n que consiste en la revisi\u00f3n y cr\u00edtica del acervo documental de este museo. La obra se articula como un ejercicio formal de intervenci\u00f3n de archivo, donde en vez de ocupar los documentos como parte de la obra, Dellekamp los retira y los sutituye por millares de hojas blancas, mapas y presupuestos del plan inicial del centro de documentaci\u00f3n en un gesto de cr\u00edtica a las pol\u00edticas de archivo de la instituci\u00f3n.<\/p>","protected":false},"excerpt":{"rendered":"<p><strong>Marianna Dellekamp<\/strong> <small>(Mexico, 1968)<\/small><br \/>\n2012<br \/>\nInstalaci\u00f3n<br \/>\nDimensiones variables<\/p>\n<p><small>(Cr\u00e9dito fotografico: Jos\u00e9 Jasso)<br \/>\n <a href=\"http:\/\/www.mariannadellekamp.com\/\" rel=\"external\">(Cortes\u00eda del artista)<\/a><\/small><\/p>\n","protected":false},"author":2,"featured_media":16491,"parent":16458,"menu_order":76,"comment_status":"open","ping_status":"open","template":"image.php","meta":{"footnotes":""},"class_list":["post-16495","page","type-page","status-publish","has-post-thumbnail","hentry"],"_links":{"self":[{"href":"https:\/\/li-mac.org\/es\/wp-json\/wp\/v2\/pages\/16495","targetHints":{"allow":["GET"]}}],"collection":[{"href":"https:\/\/li-mac.org\/es\/wp-json\/wp\/v2\/pages"}],"about":[{"href":"https:\/\/li-mac.org\/es\/wp-json\/wp\/v2\/types\/page"}],"author":[{"embeddable":true,"href":"https:\/\/li-mac.org\/es\/wp-json\/wp\/v2\/users\/2"}],"replies":[{"embeddable":true,"href":"https:\/\/li-mac.org\/es\/wp-json\/wp\/v2\/comments?post=16495"}],"version-history":[{"count":3,"href":"https:\/\/li-mac.org\/es\/wp-json\/wp\/v2\/pages\/16495\/revisions"}],"predecessor-version":[{"id":16826,"href":"https:\/\/li-mac.org\/es\/wp-json\/wp\/v2\/pages\/16495\/revisions\/16826"}],"up":[{"embeddable":true,"href":"https:\/\/li-mac.org\/es\/wp-json\/wp\/v2\/pages\/16458"}],"wp:featuredmedia":[{"embeddable":true,"href":"https:\/\/li-mac.org\/es\/wp-json\/wp\/v2\/media\/16491"}],"wp:attachment":[{"href":"https:\/\/li-mac.org\/es\/wp-json\/wp\/v2\/media?parent=16495"}],"curies":[{"name":"wp","href":"https:\/\/api.w.org\/{rel}","templated":true}]}}