{"id":16497,"date":"2013-01-22T18:40:34","date_gmt":"2013-01-22T18:40:34","guid":{"rendered":"http:\/\/li-mac.org\/?page_id=16497"},"modified":"2013-01-22T22:09:25","modified_gmt":"2013-01-22T22:09:25","slug":"institute-of-artist-leadership-a-c","status":"publish","type":"page","link":"https:\/\/li-mac.org\/es\/exhibitions\/temporary-exhibitions\/collection-the-foundational-crime\/works\/institute-of-artist-leadership-a-c\/","title":{"rendered":"Instituto de Liderazgo en Artistas A.C"},"content":{"rendered":"<p>Vicente Razo genera una serie de operaciones cr\u00edticas frente a la <em>corporativizaci\u00f3n <\/em>ideol\u00f3gica del arte contempor\u00e1neo. En el proceso de producci\u00f3n de la obra, Razo acu\u00f1\u00f3 el t\u00e9rmino <em>escultura legal <\/em>con el fin de concebir la incorporaci\u00f3n de procedimientos jur\u00eddicos en el arte, es decir, el artista genera una serie de operaciones donde utiliza al sistema legal como un medio art\u00edstico. El <em>Instituto de Liderazgo en Artistas A.C <\/em>es una obra en la que se constituye jur\u00eddicamente una asociaci\u00f3n civil con el mismo nombre. En esta ocasi\u00f3n, se presenta el acta constitutiva de dicho Instituto realizada por el artista bajo supervisi\u00f3n notarial.<\/p>","protected":false},"excerpt":{"rendered":"<p><strong>Vicente Razo<\/strong> <small>(M\u00e9xico, 1971)<\/small><br \/>\n2012<br \/>\nEscultura legal.Escritura notarial y tipograf\u00eda en cantera de Tlaxcala<br \/>\nDimensiones variables<\/p>\n<p><small>(Cr\u00e9dito fotografico: Jos\u00e9 Jasso)<br \/>\n(Cortes\u00eda del artista)<\/small><\/p>\n","protected":false},"author":2,"featured_media":16498,"parent":16458,"menu_order":91,"comment_status":"open","ping_status":"open","template":"image.php","meta":{"footnotes":""},"class_list":["post-16497","page","type-page","status-publish","has-post-thumbnail","hentry"],"_links":{"self":[{"href":"https:\/\/li-mac.org\/es\/wp-json\/wp\/v2\/pages\/16497","targetHints":{"allow":["GET"]}}],"collection":[{"href":"https:\/\/li-mac.org\/es\/wp-json\/wp\/v2\/pages"}],"about":[{"href":"https:\/\/li-mac.org\/es\/wp-json\/wp\/v2\/types\/page"}],"author":[{"embeddable":true,"href":"https:\/\/li-mac.org\/es\/wp-json\/wp\/v2\/users\/2"}],"replies":[{"embeddable":true,"href":"https:\/\/li-mac.org\/es\/wp-json\/wp\/v2\/comments?post=16497"}],"version-history":[{"count":4,"href":"https:\/\/li-mac.org\/es\/wp-json\/wp\/v2\/pages\/16497\/revisions"}],"predecessor-version":[{"id":16536,"href":"https:\/\/li-mac.org\/es\/wp-json\/wp\/v2\/pages\/16497\/revisions\/16536"}],"up":[{"embeddable":true,"href":"https:\/\/li-mac.org\/es\/wp-json\/wp\/v2\/pages\/16458"}],"wp:featuredmedia":[{"embeddable":true,"href":"https:\/\/li-mac.org\/es\/wp-json\/wp\/v2\/media\/16498"}],"wp:attachment":[{"href":"https:\/\/li-mac.org\/es\/wp-json\/wp\/v2\/media?parent=16497"}],"curies":[{"name":"wp","href":"https:\/\/api.w.org\/{rel}","templated":true}]}}