{"id":16518,"date":"2013-01-22T18:56:12","date_gmt":"2013-01-22T18:56:12","guid":{"rendered":"http:\/\/li-mac.org\/?page_id=16518"},"modified":"2013-01-22T22:05:02","modified_gmt":"2013-01-22T22:05:02","slug":"the-actual-state-of-an-object","status":"publish","type":"page","link":"https:\/\/li-mac.org\/es\/exhibitions\/temporary-exhibitions\/collection-the-foundational-crime\/works\/the-actual-state-of-an-object\/","title":{"rendered":"El estado actual de un objeto"},"content":{"rendered":"<p>En 2008, Mar\u00eda Sosa y No\u00e9 Mart\u00ednez pusieron a la venta, en un mercado ambulante en Morelia, la <em>Colecci\u00f3n Becerro de oro, <\/em>una serie de objetos en miniatura que imitan algunas de las obras m\u00e1s valoradas por el mercado internacional del arte contempor\u00e1neo, \u00a0y \u00a0que \u00a0s\u00f3lo \u00a0son \u00a0accesibles \u00a0para \u00a0la \u00a0gran mayor\u00eda mediante reproducciones. <em>El estado actual de un objeto <\/em>se vale de la revisi\u00f3n testimonial y po\u00e9tica del destino de los objetos vendidos de esta colecci\u00f3n informal. Los artistas, al mismo tiempo que realizan la documentaci\u00f3n fotogr\u00e1fica de la condici\u00f3n actual de su colecci\u00f3n, generan una serie de narraciones que apuntan a la idea de la b\u00fasqueda y rastreo como la obra misma.<\/p>","protected":false},"excerpt":{"rendered":"<p><strong>Mar\u00eda Sosa y No\u00e9 Mart\u00ednez<\/strong> <small>(Mexico, 1985 y 1986)<\/small><br \/>\n2012<br \/>\nFotograf\u00eda en impresi\u00f3n offset<br \/>\nDimensiones variables<\/p>\n<p><small>(Cr\u00e9dito fotografico: Jos\u00e9 Jasso)<br \/>\n(Cortes\u00eda del artista)<\/small><\/p>\n","protected":false},"author":2,"featured_media":16504,"parent":16458,"menu_order":98,"comment_status":"open","ping_status":"open","template":"image.php","meta":{"footnotes":""},"class_list":["post-16518","page","type-page","status-publish","has-post-thumbnail","hentry"],"_links":{"self":[{"href":"https:\/\/li-mac.org\/es\/wp-json\/wp\/v2\/pages\/16518","targetHints":{"allow":["GET"]}}],"collection":[{"href":"https:\/\/li-mac.org\/es\/wp-json\/wp\/v2\/pages"}],"about":[{"href":"https:\/\/li-mac.org\/es\/wp-json\/wp\/v2\/types\/page"}],"author":[{"embeddable":true,"href":"https:\/\/li-mac.org\/es\/wp-json\/wp\/v2\/users\/2"}],"replies":[{"embeddable":true,"href":"https:\/\/li-mac.org\/es\/wp-json\/wp\/v2\/comments?post=16518"}],"version-history":[{"count":3,"href":"https:\/\/li-mac.org\/es\/wp-json\/wp\/v2\/pages\/16518\/revisions"}],"predecessor-version":[{"id":16534,"href":"https:\/\/li-mac.org\/es\/wp-json\/wp\/v2\/pages\/16518\/revisions\/16534"}],"up":[{"embeddable":true,"href":"https:\/\/li-mac.org\/es\/wp-json\/wp\/v2\/pages\/16458"}],"wp:featuredmedia":[{"embeddable":true,"href":"https:\/\/li-mac.org\/es\/wp-json\/wp\/v2\/media\/16504"}],"wp:attachment":[{"href":"https:\/\/li-mac.org\/es\/wp-json\/wp\/v2\/media?parent=16518"}],"curies":[{"name":"wp","href":"https:\/\/api.w.org\/{rel}","templated":true}]}}