{"id":1652,"date":"2011-08-28T19:47:13","date_gmt":"2011-08-28T19:47:13","guid":{"rendered":"http:\/\/li-mac.org\/wp\/"},"modified":"2012-01-18T02:44:10","modified_gmt":"2012-01-18T02:44:10","slug":"postmodern-appropriation","status":"publish","type":"page","link":"https:\/\/li-mac.org\/es\/library\/text-books-philosophy-anthropology\/book-covers\/postmodern-appropriation\/","title":{"rendered":"La apropiaci\u00f3n posmoderna"},"content":{"rendered":"<p>Esta pintura esta hecha al tama\u00f1o original del libro \u00abLa apropiaci\u00f3n posmoderna\u00bb escrito por el historiador Juan Mart\u00edn Prada. El libro enfoca la importancia de los nuevos contextos sociales y pol\u00edticos de la apropiaci\u00f3n en el arte. Esta primera edici\u00f3n se public\u00f3 en 2001 por <em>Editorial Fundamentos<\/em>.<\/p>","protected":false},"excerpt":{"rendered":"<p><strong>Biblioteca LiMAC<\/strong><br \/>\n2010<br \/>\n\u00f3leo sobre lienzo<br \/>\n24 x 17 x 2 cm.<\/p>\n","protected":false},"author":2,"featured_media":1093,"parent":1095,"menu_order":1244,"comment_status":"open","ping_status":"open","template":"image.php","meta":{"footnotes":""},"class_list":["post-1652","page","type-page","status-publish","has-post-thumbnail","hentry"],"_links":{"self":[{"href":"https:\/\/li-mac.org\/es\/wp-json\/wp\/v2\/pages\/1652","targetHints":{"allow":["GET"]}}],"collection":[{"href":"https:\/\/li-mac.org\/es\/wp-json\/wp\/v2\/pages"}],"about":[{"href":"https:\/\/li-mac.org\/es\/wp-json\/wp\/v2\/types\/page"}],"author":[{"embeddable":true,"href":"https:\/\/li-mac.org\/es\/wp-json\/wp\/v2\/users\/2"}],"replies":[{"embeddable":true,"href":"https:\/\/li-mac.org\/es\/wp-json\/wp\/v2\/comments?post=1652"}],"version-history":[{"count":8,"href":"https:\/\/li-mac.org\/es\/wp-json\/wp\/v2\/pages\/1652\/revisions"}],"predecessor-version":[{"id":11595,"href":"https:\/\/li-mac.org\/es\/wp-json\/wp\/v2\/pages\/1652\/revisions\/11595"}],"up":[{"embeddable":true,"href":"https:\/\/li-mac.org\/es\/wp-json\/wp\/v2\/pages\/1095"}],"wp:featuredmedia":[{"embeddable":true,"href":"https:\/\/li-mac.org\/es\/wp-json\/wp\/v2\/media\/1093"}],"wp:attachment":[{"href":"https:\/\/li-mac.org\/es\/wp-json\/wp\/v2\/media?parent=1652"}],"curies":[{"name":"wp","href":"https:\/\/api.w.org\/{rel}","templated":true}]}}