{"id":16524,"date":"2013-01-22T20:17:22","date_gmt":"2013-01-22T20:17:22","guid":{"rendered":"http:\/\/li-mac.org\/?page_id=16524"},"modified":"2013-01-22T22:05:18","modified_gmt":"2013-01-22T22:05:18","slug":"stories-from-paradise","status":"publish","type":"page","link":"https:\/\/li-mac.org\/es\/exhibitions\/temporary-exhibitions\/collection-the-foundational-crime\/works\/stories-from-paradise\/","title":{"rendered":"Historias del para\u00edso"},"content":{"rendered":"<p>La serie fotogr\u00e1fica <em>Historias del Para\u00edso <\/em>tuvo como escenario y punto de partida las colecciones del Museo de Historia Natural de la ciudad de Puebla, ante la inminencia de su cierre en el 2011. La t\u00e1ctica de Pinz\u00f3n consiste en la construcci\u00f3n de escenas que conjugan elementos o personajes de la cultura popular con dispositivos de exhibici\u00f3n de este tipo de museos: animales disecados y dioramas, as\u00ed como referencias y citas a la historia del arte. Sus im\u00e1genes develan el car\u00e1cter colonizador, moralista y exotizante del museo, as\u00ed como la puesta en juego de nociones como la de espect\u00e1culo, alta y baja cultura, en donde los dioramas son exhibidos en su funci\u00f3n pedag\u00f3gica.<\/p>","protected":false},"excerpt":{"rendered":"<p><strong>Dulce Pinz\u00f3n<\/strong> <small>(Mexico, 1974)<\/small><br \/>\n2012<br \/>\nSerie fotogr\u00e1fica (selecci\u00f3n)<br \/>\nDimensiones variables<\/p>\n<p><small>(Cr\u00e9dito fotografico: Jos\u00e9 Jasso)<br \/>\n(Cortes\u00eda del artista y Galer\u00eda Patricia Conde, Mexico)<\/small><\/p>\n","protected":false},"author":2,"featured_media":16503,"parent":16458,"menu_order":107,"comment_status":"open","ping_status":"open","template":"image.php","meta":{"footnotes":""},"class_list":["post-16524","page","type-page","status-publish","has-post-thumbnail","hentry"],"_links":{"self":[{"href":"https:\/\/li-mac.org\/es\/wp-json\/wp\/v2\/pages\/16524","targetHints":{"allow":["GET"]}}],"collection":[{"href":"https:\/\/li-mac.org\/es\/wp-json\/wp\/v2\/pages"}],"about":[{"href":"https:\/\/li-mac.org\/es\/wp-json\/wp\/v2\/types\/page"}],"author":[{"embeddable":true,"href":"https:\/\/li-mac.org\/es\/wp-json\/wp\/v2\/users\/2"}],"replies":[{"embeddable":true,"href":"https:\/\/li-mac.org\/es\/wp-json\/wp\/v2\/comments?post=16524"}],"version-history":[{"count":3,"href":"https:\/\/li-mac.org\/es\/wp-json\/wp\/v2\/pages\/16524\/revisions"}],"predecessor-version":[{"id":16535,"href":"https:\/\/li-mac.org\/es\/wp-json\/wp\/v2\/pages\/16524\/revisions\/16535"}],"up":[{"embeddable":true,"href":"https:\/\/li-mac.org\/es\/wp-json\/wp\/v2\/pages\/16458"}],"wp:featuredmedia":[{"embeddable":true,"href":"https:\/\/li-mac.org\/es\/wp-json\/wp\/v2\/media\/16503"}],"wp:attachment":[{"href":"https:\/\/li-mac.org\/es\/wp-json\/wp\/v2\/media?parent=16524"}],"curies":[{"name":"wp","href":"https:\/\/api.w.org\/{rel}","templated":true}]}}