{"id":16527,"date":"2013-01-22T21:55:15","date_gmt":"2013-01-22T21:55:15","guid":{"rendered":"http:\/\/li-mac.org\/?page_id=16527"},"modified":"2013-02-02T00:01:54","modified_gmt":"2013-02-02T00:01:54","slug":"it-goes-up-or-down-whether-you-come-or-go-up-for-the-one-who-goes-and-down-for-the-one-who-comes","status":"publish","type":"page","link":"https:\/\/li-mac.org\/es\/exhibitions\/temporary-exhibitions\/collection-the-foundational-crime\/works\/it-goes-up-or-down-whether-you-come-or-go-up-for-the-one-who-goes-and-down-for-the-one-who-comes\/","title":{"rendered":"Sube o baja seg\u00fan se va o se viene; para el que va, sube; para el que viene, baja"},"content":{"rendered":"<p>La obra, cuyo t\u00edtulo es una cita a <em>Pedro P\u00e1ramo <\/em>de Juan Rulfo, cuestiona las representaciones\u00a0 que\u00a0 rodean\u00a0 al\u00a0 objeto arqueol\u00f3gico. Al mismo tiempo, genera una revisi\u00f3n de la historia de la antropolog\u00eda mexicana a partir de la apropiaci\u00f3n de estrategias museol\u00f3gicas contempor\u00e1neas, tales como la audiogu\u00eda. Este conjunto de siete litograf\u00edas ilustran el proceso de traslado del monolito de Coatlinchan, atribuido a Tl\u00e1loc durante decenios, hacia su ubicaci\u00f3n actual en el Museo Nacional de Antropolog\u00eda en 1964. Durante la exhibici\u00f3n de estas litograf\u00edas en tiendas de antig\u00fcedades en \u00c1msterdam, se elaborar\u00f3n una serie de registros sonoros que narran historias acerca de la comercializaci\u00f3n de objetos arqueol\u00f3gicos mesoamericanos. La audiogu\u00eda, que acompa\u00f1a la pieza, relata las disputas sobre la identidad del monolito de Coatlinchan, su hallazgo arqueol\u00f3gico, las negociaciones con los habitantes del pueblo as\u00ed como las condiciones de su complejo traslado.<\/p>","protected":false},"excerpt":{"rendered":"<p><strong>Marianna Castillo Deball<\/strong> <small>(Mexico, 1975)<\/small><br \/>\n2006<br \/>\nLitograf\u00eda sobre papel algod\u00f3n y audio \/ 23 minutos<br \/>\nDimensions variables<\/p>\n<p><small>(Cr\u00e9dito fotografico: Jos\u00e9 Jasso)<br \/>\n(Cortes\u00eda Fundaci\u00f3n \/ Colecci\u00f3n Jumex)<\/small><\/p>\n","protected":false},"author":2,"featured_media":16484,"parent":16458,"menu_order":108,"comment_status":"open","ping_status":"open","template":"image.php","meta":{"footnotes":""},"class_list":["post-16527","page","type-page","status-publish","has-post-thumbnail","hentry"],"_links":{"self":[{"href":"https:\/\/li-mac.org\/es\/wp-json\/wp\/v2\/pages\/16527","targetHints":{"allow":["GET"]}}],"collection":[{"href":"https:\/\/li-mac.org\/es\/wp-json\/wp\/v2\/pages"}],"about":[{"href":"https:\/\/li-mac.org\/es\/wp-json\/wp\/v2\/types\/page"}],"author":[{"embeddable":true,"href":"https:\/\/li-mac.org\/es\/wp-json\/wp\/v2\/users\/2"}],"replies":[{"embeddable":true,"href":"https:\/\/li-mac.org\/es\/wp-json\/wp\/v2\/comments?post=16527"}],"version-history":[{"count":4,"href":"https:\/\/li-mac.org\/es\/wp-json\/wp\/v2\/pages\/16527\/revisions"}],"predecessor-version":[{"id":16863,"href":"https:\/\/li-mac.org\/es\/wp-json\/wp\/v2\/pages\/16527\/revisions\/16863"}],"up":[{"embeddable":true,"href":"https:\/\/li-mac.org\/es\/wp-json\/wp\/v2\/pages\/16458"}],"wp:featuredmedia":[{"embeddable":true,"href":"https:\/\/li-mac.org\/es\/wp-json\/wp\/v2\/media\/16484"}],"wp:attachment":[{"href":"https:\/\/li-mac.org\/es\/wp-json\/wp\/v2\/media?parent=16527"}],"curies":[{"name":"wp","href":"https:\/\/api.w.org\/{rel}","templated":true}]}}