{"id":1654,"date":"2011-08-28T19:58:06","date_gmt":"2011-08-28T19:58:06","guid":{"rendered":"http:\/\/li-mac.org\/wp\/"},"modified":"2012-01-18T03:55:04","modified_gmt":"2012-01-18T03:55:04","slug":"on-the-origin-of-objects","status":"publish","type":"page","link":"https:\/\/li-mac.org\/es\/library\/text-books-philosophy-anthropology\/art-theory\/on-the-origin-of-objects\/","title":{"rendered":"Sobre el origen de los objetos"},"content":{"rendered":"<p>Esta pintura fue hecha al tama\u00f1o original del libro \u00abSobre el origen de los objetos\u00bb, escrito por el profesor de inform\u00e1tica y fil\u00f3sofo Brian Cantwell Smith. El libro investiga las ra\u00edces metaf\u00edsicas de la computaci\u00f3n, la ciencia cognitiva y la inteligencia artificial. Esta primera edici\u00f3n fue publicada por <em>MIT Press<\/em> en 1998.<\/p>","protected":false},"excerpt":{"rendered":"<p><strong>Biblioteca LiMAC<\/strong><br \/>\n2010<br \/>\n\u00f3leo sobre lienzo<br \/>\n22,5 x 15 x 2,5 cm.<\/p>\n","protected":false},"author":2,"featured_media":1052,"parent":3232,"menu_order":844,"comment_status":"open","ping_status":"open","template":"image.php","meta":{"footnotes":""},"class_list":["post-1654","page","type-page","status-publish","has-post-thumbnail","hentry"],"_links":{"self":[{"href":"https:\/\/li-mac.org\/es\/wp-json\/wp\/v2\/pages\/1654","targetHints":{"allow":["GET"]}}],"collection":[{"href":"https:\/\/li-mac.org\/es\/wp-json\/wp\/v2\/pages"}],"about":[{"href":"https:\/\/li-mac.org\/es\/wp-json\/wp\/v2\/types\/page"}],"author":[{"embeddable":true,"href":"https:\/\/li-mac.org\/es\/wp-json\/wp\/v2\/users\/2"}],"replies":[{"embeddable":true,"href":"https:\/\/li-mac.org\/es\/wp-json\/wp\/v2\/comments?post=1654"}],"version-history":[{"count":8,"href":"https:\/\/li-mac.org\/es\/wp-json\/wp\/v2\/pages\/1654\/revisions"}],"predecessor-version":[{"id":11665,"href":"https:\/\/li-mac.org\/es\/wp-json\/wp\/v2\/pages\/1654\/revisions\/11665"}],"up":[{"embeddable":true,"href":"https:\/\/li-mac.org\/es\/wp-json\/wp\/v2\/pages\/3232"}],"wp:featuredmedia":[{"embeddable":true,"href":"https:\/\/li-mac.org\/es\/wp-json\/wp\/v2\/media\/1052"}],"wp:attachment":[{"href":"https:\/\/li-mac.org\/es\/wp-json\/wp\/v2\/media?parent=1654"}],"curies":[{"name":"wp","href":"https:\/\/api.w.org\/{rel}","templated":true}]}}