{"id":16573,"date":"2013-01-25T16:36:58","date_gmt":"2013-01-25T16:36:58","guid":{"rendered":"http:\/\/li-mac.org\/?page_id=16573"},"modified":"2013-01-29T11:12:24","modified_gmt":"2013-01-29T11:12:24","slug":"this-not-an-ai-weiwei","status":"publish","type":"page","link":"https:\/\/li-mac.org\/es\/exhibitions\/temporary-exhibitions\/limac-in-guimaraes\/this-is-not-a\/this-not-an-ai-weiwei\/","title":{"rendered":"Esto no es un Ai Weiwei"},"content":{"rendered":"<p>Esto no es una Ai Weiwei se refiere a las 1001 sillas tradicionales chinas tra\u00eddas a la Documenta XII por el artista mencionado quien invit\u00f3 1001 ciudadanos chinos a visitar la exposici\u00f3n.<\/p>","protected":false},"excerpt":{"rendered":"<p><strong>Sandra Gamarra<\/strong> <small>(Per\u00fa, 1972)<\/small><br \/>\n2012<br \/>\nFotograf\u00eda en f\u00e1brica ASA<br \/>\nGuimaraes Capital Europea de la Cultura<br \/>\nProyecto laboratorio de curadores<\/p>\n<p><small>(Cortes\u00eda del artista)<\/small><\/p>\n","protected":false},"author":2,"featured_media":16570,"parent":16559,"menu_order":0,"comment_status":"open","ping_status":"open","template":"image.php","meta":{"footnotes":""},"class_list":["post-16573","page","type-page","status-publish","has-post-thumbnail","hentry"],"_links":{"self":[{"href":"https:\/\/li-mac.org\/es\/wp-json\/wp\/v2\/pages\/16573","targetHints":{"allow":["GET"]}}],"collection":[{"href":"https:\/\/li-mac.org\/es\/wp-json\/wp\/v2\/pages"}],"about":[{"href":"https:\/\/li-mac.org\/es\/wp-json\/wp\/v2\/types\/page"}],"author":[{"embeddable":true,"href":"https:\/\/li-mac.org\/es\/wp-json\/wp\/v2\/users\/2"}],"replies":[{"embeddable":true,"href":"https:\/\/li-mac.org\/es\/wp-json\/wp\/v2\/comments?post=16573"}],"version-history":[{"count":4,"href":"https:\/\/li-mac.org\/es\/wp-json\/wp\/v2\/pages\/16573\/revisions"}],"predecessor-version":[{"id":16730,"href":"https:\/\/li-mac.org\/es\/wp-json\/wp\/v2\/pages\/16573\/revisions\/16730"}],"up":[{"embeddable":true,"href":"https:\/\/li-mac.org\/es\/wp-json\/wp\/v2\/pages\/16559"}],"wp:featuredmedia":[{"embeddable":true,"href":"https:\/\/li-mac.org\/es\/wp-json\/wp\/v2\/media\/16570"}],"wp:attachment":[{"href":"https:\/\/li-mac.org\/es\/wp-json\/wp\/v2\/media?parent=16573"}],"curies":[{"name":"wp","href":"https:\/\/api.w.org\/{rel}","templated":true}]}}