{"id":1660,"date":"2011-08-28T20:46:19","date_gmt":"2011-08-28T20:46:19","guid":{"rendered":"http:\/\/li-mac.org\/wp\/"},"modified":"2012-01-18T02:58:27","modified_gmt":"2012-01-18T02:58:27","slug":"the-conspiracy-of-art-aesthetic-illusion-and-disillusionment","status":"publish","type":"page","link":"https:\/\/li-mac.org\/es\/library\/text-books-philosophy-anthropology\/cultural-theory\/the-conspiracy-of-art-aesthetic-illusion-and-disillusionment\/","title":{"rendered":"El complot del arte &#8211; Ilusi\u00f3n y desilusi\u00f3n est\u00e9ticas"},"content":{"rendered":"<p>Esta pintura fue hecha a partir del libro \u00abLa Conspiraci\u00f3n de Arte\u00bb escrito por el fil\u00f3sofo postmoderno Jean Baudrillard. El ensayo analiza el poder del simulacro dentro de las artes. La portada de esta primera edici\u00f3n en Argentina ha sido publicada por <em>Amorrortu<\/em> en 2006.<\/p>","protected":false},"excerpt":{"rendered":"<p><strong>Biblioteca LiMAC<\/strong><br \/>\n2010<br \/>\n\u00f3leo sobre lienzo<br \/>\n19,5 x 11,5 x 1 cm.<\/p>\n","protected":false},"author":2,"featured_media":1066,"parent":3264,"menu_order":249,"comment_status":"open","ping_status":"open","template":"image.php","meta":{"footnotes":""},"class_list":["post-1660","page","type-page","status-publish","has-post-thumbnail","hentry"],"_links":{"self":[{"href":"https:\/\/li-mac.org\/es\/wp-json\/wp\/v2\/pages\/1660","targetHints":{"allow":["GET"]}}],"collection":[{"href":"https:\/\/li-mac.org\/es\/wp-json\/wp\/v2\/pages"}],"about":[{"href":"https:\/\/li-mac.org\/es\/wp-json\/wp\/v2\/types\/page"}],"author":[{"embeddable":true,"href":"https:\/\/li-mac.org\/es\/wp-json\/wp\/v2\/users\/2"}],"replies":[{"embeddable":true,"href":"https:\/\/li-mac.org\/es\/wp-json\/wp\/v2\/comments?post=1660"}],"version-history":[{"count":10,"href":"https:\/\/li-mac.org\/es\/wp-json\/wp\/v2\/pages\/1660\/revisions"}],"predecessor-version":[{"id":1662,"href":"https:\/\/li-mac.org\/es\/wp-json\/wp\/v2\/pages\/1660\/revisions\/1662"}],"up":[{"embeddable":true,"href":"https:\/\/li-mac.org\/es\/wp-json\/wp\/v2\/pages\/3264"}],"wp:featuredmedia":[{"embeddable":true,"href":"https:\/\/li-mac.org\/es\/wp-json\/wp\/v2\/media\/1066"}],"wp:attachment":[{"href":"https:\/\/li-mac.org\/es\/wp-json\/wp\/v2\/media?parent=1660"}],"curies":[{"name":"wp","href":"https:\/\/api.w.org\/{rel}","templated":true}]}}