{"id":1664,"date":"2011-08-28T21:08:58","date_gmt":"2011-08-28T21:08:58","guid":{"rendered":"http:\/\/li-mac.org\/wp\/"},"modified":"2012-01-18T22:39:04","modified_gmt":"2012-01-18T22:39:04","slug":"deconstrucing-installation-art","status":"publish","type":"page","link":"https:\/\/li-mac.org\/es\/library\/text-books-philosophy-anthropology\/book-covers\/deconstrucing-installation-art\/","title":{"rendered":"Deconstruyendo las instalaciones"},"content":{"rendered":"<p>Esta pintura fue hecha partir de la portada del libro \u00abDeconstruyendo las instalaciones\u00bb escrito por Graham Coulter-Smith. El autor subraya los aspectos interactivos que los espectadores pueden experimentar dentro de estas \u00abesculturas expandidas\u00bb. <em>Brumaria<\/em> public\u00f3 esta primera edici\u00f3n en Espa\u00f1a. El libro est\u00e1 escrito en ingl\u00e9s y espa\u00f1ol.<\/p>","protected":false},"excerpt":{"rendered":"<p><strong>Biblioteca LiMAC<\/strong><br \/>\n2010<br \/>\n\u00f3leo sobre lienzo<br \/>\n24 x 16,5 x 2,5 cm.<\/p>\n","protected":false},"author":2,"featured_media":1009,"parent":1095,"menu_order":1133,"comment_status":"open","ping_status":"open","template":"image.php","meta":{"footnotes":""},"class_list":["post-1664","page","type-page","status-publish","has-post-thumbnail","hentry"],"_links":{"self":[{"href":"https:\/\/li-mac.org\/es\/wp-json\/wp\/v2\/pages\/1664","targetHints":{"allow":["GET"]}}],"collection":[{"href":"https:\/\/li-mac.org\/es\/wp-json\/wp\/v2\/pages"}],"about":[{"href":"https:\/\/li-mac.org\/es\/wp-json\/wp\/v2\/types\/page"}],"author":[{"embeddable":true,"href":"https:\/\/li-mac.org\/es\/wp-json\/wp\/v2\/users\/2"}],"replies":[{"embeddable":true,"href":"https:\/\/li-mac.org\/es\/wp-json\/wp\/v2\/comments?post=1664"}],"version-history":[{"count":10,"href":"https:\/\/li-mac.org\/es\/wp-json\/wp\/v2\/pages\/1664\/revisions"}],"predecessor-version":[{"id":12186,"href":"https:\/\/li-mac.org\/es\/wp-json\/wp\/v2\/pages\/1664\/revisions\/12186"}],"up":[{"embeddable":true,"href":"https:\/\/li-mac.org\/es\/wp-json\/wp\/v2\/pages\/1095"}],"wp:featuredmedia":[{"embeddable":true,"href":"https:\/\/li-mac.org\/es\/wp-json\/wp\/v2\/media\/1009"}],"wp:attachment":[{"href":"https:\/\/li-mac.org\/es\/wp-json\/wp\/v2\/media?parent=1664"}],"curies":[{"name":"wp","href":"https:\/\/api.w.org\/{rel}","templated":true}]}}