{"id":16658,"date":"2013-01-28T16:00:01","date_gmt":"2013-01-28T16:00:01","guid":{"rendered":"http:\/\/li-mac.org\/?page_id=16658"},"modified":"2013-01-28T18:57:04","modified_gmt":"2013-01-28T18:57:04","slug":"confeitaria-das-trinas","status":"publish","type":"page","link":"https:\/\/li-mac.org\/es\/exhibitions\/temporary-exhibitions\/limac-in-guimaraes\/you-are-here\/confeitaria-das-trinas\/","title":{"rendered":"Confeitaria das Trinas"},"content":{"rendered":"<p>Sr. Fernando sirve una gran variedad de tortas delicioso, perfecto para combinar con caf\u00e9 y jugo de naranja para un desayuno fuerte a un costo econ\u00f3mico. Prueba las galletas de almendra que recordar\u00e1 para siempre.<\/p>\n<p>Confeitaria das Trinas<br \/>\nRua Gil Vicente, 2<br \/>\nT: 963 889 947<br \/>\nH: 7\u201320h \/\/ 7\u201313h (domingo)<br \/>\nhttp:\/\/pt-br.facebook.com\/pages\/Confeitaria-das-Trinas\/<\/p>","protected":false},"excerpt":{"rendered":"<p><strong>Sandra Gamarra<\/strong> <small>(Per\u00fa, 1972)<\/small><br \/>\n2012<br \/>\n\u00d3leo sobre tela<br \/>\n25 x 37 cm.<\/p>\n<p><small>(Guimaraes Capital Europea de la Cultura<br \/>\nProyecto laboratorio de curadores \/ Cortes\u00eda del artista)<\/small><\/p>\n","protected":false},"author":2,"featured_media":16620,"parent":16557,"menu_order":91,"comment_status":"open","ping_status":"open","template":"image.php","meta":{"footnotes":""},"class_list":["post-16658","page","type-page","status-publish","has-post-thumbnail","hentry"],"_links":{"self":[{"href":"https:\/\/li-mac.org\/es\/wp-json\/wp\/v2\/pages\/16658","targetHints":{"allow":["GET"]}}],"collection":[{"href":"https:\/\/li-mac.org\/es\/wp-json\/wp\/v2\/pages"}],"about":[{"href":"https:\/\/li-mac.org\/es\/wp-json\/wp\/v2\/types\/page"}],"author":[{"embeddable":true,"href":"https:\/\/li-mac.org\/es\/wp-json\/wp\/v2\/users\/2"}],"replies":[{"embeddable":true,"href":"https:\/\/li-mac.org\/es\/wp-json\/wp\/v2\/comments?post=16658"}],"version-history":[{"count":4,"href":"https:\/\/li-mac.org\/es\/wp-json\/wp\/v2\/pages\/16658\/revisions"}],"predecessor-version":[{"id":16725,"href":"https:\/\/li-mac.org\/es\/wp-json\/wp\/v2\/pages\/16658\/revisions\/16725"}],"up":[{"embeddable":true,"href":"https:\/\/li-mac.org\/es\/wp-json\/wp\/v2\/pages\/16557"}],"wp:featuredmedia":[{"embeddable":true,"href":"https:\/\/li-mac.org\/es\/wp-json\/wp\/v2\/media\/16620"}],"wp:attachment":[{"href":"https:\/\/li-mac.org\/es\/wp-json\/wp\/v2\/media?parent=16658"}],"curies":[{"name":"wp","href":"https:\/\/api.w.org\/{rel}","templated":true}]}}