{"id":16666,"date":"2013-01-28T16:55:05","date_gmt":"2013-01-28T16:55:05","guid":{"rendered":"http:\/\/li-mac.org\/?page_id=16666"},"modified":"2013-01-29T10:53:43","modified_gmt":"2013-01-29T10:53:43","slug":"casa-pastor","status":"publish","type":"page","link":"https:\/\/li-mac.org\/es\/exhibitions\/temporary-exhibitions\/limac-in-guimaraes\/you-are-here\/casa-pastor\/","title":{"rendered":"Casa Pastor"},"content":{"rendered":"<p>Excelente tienda para encontrar bordados artesanales t\u00edpicos de la regi\u00f3n. El Sr. Ant\u00f3nio Pastor, proprietario de\u00a0 la tienda, es un patrimonista acertado y un talentoso dibujante.<\/p>\n<p>Casa Pastor<br \/>\nAlameda de S. D\u00e2maso, 85<br \/>\nT: 253 516 603<br \/>\nH: 9:30\u201313h \/ 15\u201319h<br \/>\n9:30\u201313h (s\u00e1bado)<\/p>","protected":false},"excerpt":{"rendered":"<p><strong>Sandra Gamarra<\/strong> <small>(Per\u00fa, 1972)<\/small><br \/>\n2012<br \/>\n\u00d3leo sobre tela<br \/>\n37 x 25 cm.<\/p>\n<p><small>(Guimar\u00e3es Capital Europea de la Cultura<br \/>\nProyecto laboratorio de curadores \/ Cortes\u00eda del artista)<\/small><\/p>\n","protected":false},"author":2,"featured_media":16629,"parent":16557,"menu_order":100,"comment_status":"open","ping_status":"open","template":"image.php","meta":{"footnotes":""},"class_list":["post-16666","page","type-page","status-publish","has-post-thumbnail","hentry"],"_links":{"self":[{"href":"https:\/\/li-mac.org\/es\/wp-json\/wp\/v2\/pages\/16666","targetHints":{"allow":["GET"]}}],"collection":[{"href":"https:\/\/li-mac.org\/es\/wp-json\/wp\/v2\/pages"}],"about":[{"href":"https:\/\/li-mac.org\/es\/wp-json\/wp\/v2\/types\/page"}],"author":[{"embeddable":true,"href":"https:\/\/li-mac.org\/es\/wp-json\/wp\/v2\/users\/2"}],"replies":[{"embeddable":true,"href":"https:\/\/li-mac.org\/es\/wp-json\/wp\/v2\/comments?post=16666"}],"version-history":[{"count":7,"href":"https:\/\/li-mac.org\/es\/wp-json\/wp\/v2\/pages\/16666\/revisions"}],"predecessor-version":[{"id":16727,"href":"https:\/\/li-mac.org\/es\/wp-json\/wp\/v2\/pages\/16666\/revisions\/16727"}],"up":[{"embeddable":true,"href":"https:\/\/li-mac.org\/es\/wp-json\/wp\/v2\/pages\/16557"}],"wp:featuredmedia":[{"embeddable":true,"href":"https:\/\/li-mac.org\/es\/wp-json\/wp\/v2\/media\/16629"}],"wp:attachment":[{"href":"https:\/\/li-mac.org\/es\/wp-json\/wp\/v2\/media?parent=16666"}],"curies":[{"name":"wp","href":"https:\/\/api.w.org\/{rel}","templated":true}]}}