{"id":16684,"date":"2013-01-28T17:52:02","date_gmt":"2013-01-28T17:52:02","guid":{"rendered":"http:\/\/li-mac.org\/?page_id=16684"},"modified":"2013-01-31T10:44:50","modified_gmt":"2013-01-31T10:44:50","slug":"cicip-centro-infantil-e-cultural-popular-ii","status":"publish","type":"page","link":"https:\/\/li-mac.org\/es\/exhibitions\/temporary-exhibitions\/limac-in-guimaraes\/you-are-here\/cicip-centro-infantil-e-cultural-popular-ii\/","title":{"rendered":"CICIP &#8211; Centro Infantil e Cultural Popular (II)"},"content":{"rendered":"<p><\/p>\n<div id=\"gt-res-content\">\n<div dir=\"ltr\">Este hermoso ex-convento dominico est\u00e1 organizado de tal manera que los grupos musicales pueden ensayar y para que los artistas puedan trabajar en talleres. La arquitectura permite comprender el pasado de Guimar\u00e3es y murales de pintores j\u00f3venes se pueden encontrar en muchos rincones. El convento est\u00e1 abierto d\u00eda y noche. Ofrece m\u00fasica y un ambiente familiar. Si usted desea tener una visita guiada y descubrir el quiosco vinilos y fanzines, por favor pregunte a la primera persona que pueda encontrar.<\/div>\n<\/div>\n<p>CICP\u2014Centro Infantil e Cultural Popular<br \/>\nRua Dr. Bento Cardoso<br \/>\n(Convento de Sta. Rosa de Lima \u2013 ex-convento das dominicas \/<br \/>\nOld Dominican convent)<br \/>\nT: 965 791 359<br \/>\ncicp.gmr@gmail.com<\/p>","protected":false},"excerpt":{"rendered":"<p><strong>Sandra Gamarra<\/strong> <small>(Per\u00fa, 1972)<\/small><br \/>\n2012<br \/>\n\u00d3leo sobre tela<br \/>\n37 x 25 cm.<\/p>\n<p><small>(Guimaraes Capital Europea de la Cultura<br \/>\nProyecto laboratorio de curadores \/ Cortes\u00eda del artista)<\/small><\/p>\n","protected":false},"author":2,"featured_media":16625,"parent":16557,"menu_order":109,"comment_status":"open","ping_status":"open","template":"image.php","meta":{"footnotes":""},"class_list":["post-16684","page","type-page","status-publish","has-post-thumbnail","hentry"],"_links":{"self":[{"href":"https:\/\/li-mac.org\/es\/wp-json\/wp\/v2\/pages\/16684","targetHints":{"allow":["GET"]}}],"collection":[{"href":"https:\/\/li-mac.org\/es\/wp-json\/wp\/v2\/pages"}],"about":[{"href":"https:\/\/li-mac.org\/es\/wp-json\/wp\/v2\/types\/page"}],"author":[{"embeddable":true,"href":"https:\/\/li-mac.org\/es\/wp-json\/wp\/v2\/users\/2"}],"replies":[{"embeddable":true,"href":"https:\/\/li-mac.org\/es\/wp-json\/wp\/v2\/comments?post=16684"}],"version-history":[{"count":4,"href":"https:\/\/li-mac.org\/es\/wp-json\/wp\/v2\/pages\/16684\/revisions"}],"predecessor-version":[{"id":16837,"href":"https:\/\/li-mac.org\/es\/wp-json\/wp\/v2\/pages\/16684\/revisions\/16837"}],"up":[{"embeddable":true,"href":"https:\/\/li-mac.org\/es\/wp-json\/wp\/v2\/pages\/16557"}],"wp:featuredmedia":[{"embeddable":true,"href":"https:\/\/li-mac.org\/es\/wp-json\/wp\/v2\/media\/16625"}],"wp:attachment":[{"href":"https:\/\/li-mac.org\/es\/wp-json\/wp\/v2\/media?parent=16684"}],"curies":[{"name":"wp","href":"https:\/\/api.w.org\/{rel}","templated":true}]}}