{"id":1670,"date":"2011-08-29T14:54:18","date_gmt":"2011-08-29T14:54:18","guid":{"rendered":"http:\/\/li-mac.org\/wp\/"},"modified":"2012-01-18T03:37:08","modified_gmt":"2012-01-18T03:37:08","slug":"french-theory","status":"publish","type":"page","link":"https:\/\/li-mac.org\/es\/library\/text-books-philosophy-anthropology\/philosophy\/french-theory\/","title":{"rendered":"Teor\u00eda francesa"},"content":{"rendered":"<p>Esta pintura fue hecha\u00a0 al tama\u00f1o original del libro \u00abTeor\u00eda francesa\u00bb, escrito por el profesor de comunicaci\u00f3n Fran\u00e7ois Cusset. El libro analiza como el pensamiento post-estructuralista franc\u00e9s tuvo una gran influencia en los Estados Unidos durante la d\u00e9cada de 1970. Esta primera edici\u00f3n en Espa\u00f1a fue publicada por <em>Melusina<\/em> en 2005.<\/p>","protected":false},"excerpt":{"rendered":"<p><strong>Biblioteca LiMAC<\/strong><br \/>\n2010<br \/>\n\u00f3leo sobre lienzo<br \/>\n23 x 15 x 2 cm.<\/p>\n","protected":false},"author":2,"featured_media":1063,"parent":3222,"menu_order":233,"comment_status":"open","ping_status":"open","template":"image.php","meta":{"footnotes":""},"class_list":["post-1670","page","type-page","status-publish","has-post-thumbnail","hentry"],"_links":{"self":[{"href":"https:\/\/li-mac.org\/es\/wp-json\/wp\/v2\/pages\/1670","targetHints":{"allow":["GET"]}}],"collection":[{"href":"https:\/\/li-mac.org\/es\/wp-json\/wp\/v2\/pages"}],"about":[{"href":"https:\/\/li-mac.org\/es\/wp-json\/wp\/v2\/types\/page"}],"author":[{"embeddable":true,"href":"https:\/\/li-mac.org\/es\/wp-json\/wp\/v2\/users\/2"}],"replies":[{"embeddable":true,"href":"https:\/\/li-mac.org\/es\/wp-json\/wp\/v2\/comments?post=1670"}],"version-history":[{"count":6,"href":"https:\/\/li-mac.org\/es\/wp-json\/wp\/v2\/pages\/1670\/revisions"}],"predecessor-version":[{"id":11649,"href":"https:\/\/li-mac.org\/es\/wp-json\/wp\/v2\/pages\/1670\/revisions\/11649"}],"up":[{"embeddable":true,"href":"https:\/\/li-mac.org\/es\/wp-json\/wp\/v2\/pages\/3222"}],"wp:featuredmedia":[{"embeddable":true,"href":"https:\/\/li-mac.org\/es\/wp-json\/wp\/v2\/media\/1063"}],"wp:attachment":[{"href":"https:\/\/li-mac.org\/es\/wp-json\/wp\/v2\/media?parent=1670"}],"curies":[{"name":"wp","href":"https:\/\/api.w.org\/{rel}","templated":true}]}}