{"id":16701,"date":"2013-01-28T18:23:44","date_gmt":"2013-01-28T18:23:44","guid":{"rendered":"http:\/\/li-mac.org\/?page_id=16701"},"modified":"2013-01-28T18:31:02","modified_gmt":"2013-01-28T18:31:02","slug":"convivio-associacao-cultural-e-recriativa-ii","status":"publish","type":"page","link":"https:\/\/li-mac.org\/es\/exhibitions\/temporary-exhibitions\/limac-in-guimaraes\/you-are-here\/convivio-associacao-cultural-e-recriativa-ii\/","title":{"rendered":"Convivio Associa\u00e7ao Cultural e Recriativa (II)"},"content":{"rendered":"<p>Esta casa se\u00f1orial incluye un programa de artistas en residencia,\u00a0 murales de artistas contempor\u00e1neos, as\u00ed como obras de \u00e9pocas anteriores. Usted encontrar\u00e1 un patio y un bar, ideal para una estancia tranquila al aire libre.<\/p>\n<p>Conv\u00edvio Associa\u00e7\u00e3o Cultural e Recriativa<br \/>\nLargo da Miseric\u00f3rdia, 7 e 8<br \/>\nT: 253 513 013 \/ 962 981 540<br \/>\nH: 10\u201312h \/ 15\u201319h \/<br \/>\nhttp:\/\/www.facebook.com\/conviviogmr<br \/>\nhttp:\/\/conviviogmr.blogspot.pt\/<\/p>","protected":false},"excerpt":{"rendered":"<p><strong>Sandra Gamarra<\/strong> <small>(Per\u00fa, 1972)<\/small><br \/>\n2012<br \/>\n\u00d3leo sobre tela<br \/>\n37 x 25 cm.<\/p>\n<p><small>(Guimar\u00e3es Capital Europea de la Cultura<br \/>\nProyecto laboratorio de curadores \/ Cortes\u00eda del artista)<\/small><\/p>\n","protected":false},"author":2,"featured_media":16621,"parent":16557,"menu_order":115,"comment_status":"open","ping_status":"open","template":"image.php","meta":{"footnotes":""},"class_list":["post-16701","page","type-page","status-publish","has-post-thumbnail","hentry"],"_links":{"self":[{"href":"https:\/\/li-mac.org\/es\/wp-json\/wp\/v2\/pages\/16701","targetHints":{"allow":["GET"]}}],"collection":[{"href":"https:\/\/li-mac.org\/es\/wp-json\/wp\/v2\/pages"}],"about":[{"href":"https:\/\/li-mac.org\/es\/wp-json\/wp\/v2\/types\/page"}],"author":[{"embeddable":true,"href":"https:\/\/li-mac.org\/es\/wp-json\/wp\/v2\/users\/2"}],"replies":[{"embeddable":true,"href":"https:\/\/li-mac.org\/es\/wp-json\/wp\/v2\/comments?post=16701"}],"version-history":[{"count":2,"href":"https:\/\/li-mac.org\/es\/wp-json\/wp\/v2\/pages\/16701\/revisions"}],"predecessor-version":[{"id":16705,"href":"https:\/\/li-mac.org\/es\/wp-json\/wp\/v2\/pages\/16701\/revisions\/16705"}],"up":[{"embeddable":true,"href":"https:\/\/li-mac.org\/es\/wp-json\/wp\/v2\/pages\/16557"}],"wp:featuredmedia":[{"embeddable":true,"href":"https:\/\/li-mac.org\/es\/wp-json\/wp\/v2\/media\/16621"}],"wp:attachment":[{"href":"https:\/\/li-mac.org\/es\/wp-json\/wp\/v2\/media?parent=16701"}],"curies":[{"name":"wp","href":"https:\/\/api.w.org\/{rel}","templated":true}]}}