{"id":16711,"date":"2013-01-28T18:50:53","date_gmt":"2013-01-28T18:50:53","guid":{"rendered":"http:\/\/li-mac.org\/?page_id=16711"},"modified":"2013-01-28T18:58:51","modified_gmt":"2013-01-28T18:58:51","slug":"tio-julio-ii","status":"publish","type":"page","link":"https:\/\/li-mac.org\/es\/exhibitions\/temporary-exhibitions\/limac-in-guimaraes\/you-are-here\/tio-julio-ii\/","title":{"rendered":"Tio Julio (II)"},"content":{"rendered":"<p>Abierto 24 horas al d\u00eda y toda la semana, el Caf\u00e9 Tio Julio prepara excelentes s\u00e1ndwiches de carne, kebab y muchas clases de manjares que uno no puede perderse. Un lugar acogedor que muchas ciudades quer\u00edan tener.<\/p>\n<p>Tio J\u00falio<br \/>\nRua de Couros, 25<br \/>\nT: 253 417 761<\/p>","protected":false},"excerpt":{"rendered":"<p><strong>Sandra Gamarra<\/strong> <small>(Per\u00fa, 1972)<\/small><br \/>\n2012<br \/>\n\u00d3leo sobre tela<br \/>\n37 x 25 cm.<\/p>\n<p><small>(Guimar\u00e3es Capital Europea de la Cultura<br \/>\nProyecto laboratorio de curadores \/ Cortes\u00eda del artista)<\/small><\/p>\n","protected":false},"author":2,"featured_media":16623,"parent":16557,"menu_order":117,"comment_status":"open","ping_status":"open","template":"image.php","meta":{"footnotes":""},"class_list":["post-16711","page","type-page","status-publish","has-post-thumbnail","hentry"],"_links":{"self":[{"href":"https:\/\/li-mac.org\/es\/wp-json\/wp\/v2\/pages\/16711","targetHints":{"allow":["GET"]}}],"collection":[{"href":"https:\/\/li-mac.org\/es\/wp-json\/wp\/v2\/pages"}],"about":[{"href":"https:\/\/li-mac.org\/es\/wp-json\/wp\/v2\/types\/page"}],"author":[{"embeddable":true,"href":"https:\/\/li-mac.org\/es\/wp-json\/wp\/v2\/users\/2"}],"replies":[{"embeddable":true,"href":"https:\/\/li-mac.org\/es\/wp-json\/wp\/v2\/comments?post=16711"}],"version-history":[{"count":5,"href":"https:\/\/li-mac.org\/es\/wp-json\/wp\/v2\/pages\/16711\/revisions"}],"predecessor-version":[{"id":16726,"href":"https:\/\/li-mac.org\/es\/wp-json\/wp\/v2\/pages\/16711\/revisions\/16726"}],"up":[{"embeddable":true,"href":"https:\/\/li-mac.org\/es\/wp-json\/wp\/v2\/pages\/16557"}],"wp:featuredmedia":[{"embeddable":true,"href":"https:\/\/li-mac.org\/es\/wp-json\/wp\/v2\/media\/16623"}],"wp:attachment":[{"href":"https:\/\/li-mac.org\/es\/wp-json\/wp\/v2\/media?parent=16711"}],"curies":[{"name":"wp","href":"https:\/\/api.w.org\/{rel}","templated":true}]}}