{"id":1672,"date":"2011-08-29T15:00:15","date_gmt":"2011-08-29T15:00:15","guid":{"rendered":"http:\/\/li-mac.org\/wp\/"},"modified":"2012-01-18T03:57:51","modified_gmt":"2012-01-18T03:57:51","slug":"we-have-never-been-modern","status":"publish","type":"page","link":"https:\/\/li-mac.org\/es\/library\/text-books-philosophy-anthropology\/art-theory\/we-have-never-been-modern\/","title":{"rendered":"Nunca hemos sido modernos"},"content":{"rendered":"<p>Esta pintura fue hecha al tama\u00f1o original del libro \u00abNunca hemos sido modernos\u00bb, escrito por el soci\u00f3logo Bruno Latour. Con un profundo an\u00e1lisis hist\u00f3rico y cient\u00edfico entre naturaleza y sociedad, Latour examina la modernidad con el fin de establecer una comprensi\u00f3n de lo que es. Esta traducci\u00f3n en ingl\u00e9s fue publicada por <em>Harvard University Press<\/em> en 1993.<\/p>","protected":false},"excerpt":{"rendered":"<p><strong>Biblioteca LiMAC<\/strong><br \/>\n2010<br \/>\n\u00f3leo sobre lienzo<br \/>\n22,5 x 15 x 1,5 cm.<\/p>\n","protected":false},"author":2,"featured_media":1027,"parent":3232,"menu_order":849,"comment_status":"open","ping_status":"open","template":"image.php","meta":{"footnotes":""},"class_list":["post-1672","page","type-page","status-publish","has-post-thumbnail","hentry"],"_links":{"self":[{"href":"https:\/\/li-mac.org\/es\/wp-json\/wp\/v2\/pages\/1672","targetHints":{"allow":["GET"]}}],"collection":[{"href":"https:\/\/li-mac.org\/es\/wp-json\/wp\/v2\/pages"}],"about":[{"href":"https:\/\/li-mac.org\/es\/wp-json\/wp\/v2\/types\/page"}],"author":[{"embeddable":true,"href":"https:\/\/li-mac.org\/es\/wp-json\/wp\/v2\/users\/2"}],"replies":[{"embeddable":true,"href":"https:\/\/li-mac.org\/es\/wp-json\/wp\/v2\/comments?post=1672"}],"version-history":[{"count":8,"href":"https:\/\/li-mac.org\/es\/wp-json\/wp\/v2\/pages\/1672\/revisions"}],"predecessor-version":[{"id":1727,"href":"https:\/\/li-mac.org\/es\/wp-json\/wp\/v2\/pages\/1672\/revisions\/1727"}],"up":[{"embeddable":true,"href":"https:\/\/li-mac.org\/es\/wp-json\/wp\/v2\/pages\/3232"}],"wp:featuredmedia":[{"embeddable":true,"href":"https:\/\/li-mac.org\/es\/wp-json\/wp\/v2\/media\/1027"}],"wp:attachment":[{"href":"https:\/\/li-mac.org\/es\/wp-json\/wp\/v2\/media?parent=1672"}],"curies":[{"name":"wp","href":"https:\/\/api.w.org\/{rel}","templated":true}]}}