{"id":1676,"date":"2011-08-29T15:16:19","date_gmt":"2011-08-29T15:16:19","guid":{"rendered":"http:\/\/li-mac.org\/wp\/"},"modified":"2012-01-18T02:15:12","modified_gmt":"2012-01-18T02:15:12","slug":"atlas","status":"publish","type":"page","link":"https:\/\/li-mac.org\/es\/library\/text-books-philosophy-anthropology\/book-covers\/atlas\/","title":{"rendered":"Atlas"},"content":{"rendered":"<p>Esta pintura fue hecha al tama\u00f1o original del libro \u00abAtlas\u00bb, escrito por el fil\u00f3sofo e historiador de ciencias Michel Serres. El trabajo trata de analizar las condiciones de la vida en el mundo globalizado con el fin de preparar a los individuos. Esta edici\u00f3n en espa\u00f1ol fue publicada en 1994 por <em>C\u00e1tedra <\/em>en su colecci\u00f3n <em>Teorema<\/em>.<\/p>","protected":false},"excerpt":{"rendered":"<p><strong>Biblioteca LiMAC<\/strong><br \/>\n2010<br \/>\n\u00f3leo sobre lienzo<br \/>\n18 x 11 x 1,5 cm.<\/p>\n","protected":false},"author":2,"featured_media":1029,"parent":1095,"menu_order":1100,"comment_status":"open","ping_status":"open","template":"image.php","meta":{"footnotes":""},"class_list":["post-1676","page","type-page","status-publish","has-post-thumbnail","hentry"],"_links":{"self":[{"href":"https:\/\/li-mac.org\/es\/wp-json\/wp\/v2\/pages\/1676","targetHints":{"allow":["GET"]}}],"collection":[{"href":"https:\/\/li-mac.org\/es\/wp-json\/wp\/v2\/pages"}],"about":[{"href":"https:\/\/li-mac.org\/es\/wp-json\/wp\/v2\/types\/page"}],"author":[{"embeddable":true,"href":"https:\/\/li-mac.org\/es\/wp-json\/wp\/v2\/users\/2"}],"replies":[{"embeddable":true,"href":"https:\/\/li-mac.org\/es\/wp-json\/wp\/v2\/comments?post=1676"}],"version-history":[{"count":7,"href":"https:\/\/li-mac.org\/es\/wp-json\/wp\/v2\/pages\/1676\/revisions"}],"predecessor-version":[{"id":11567,"href":"https:\/\/li-mac.org\/es\/wp-json\/wp\/v2\/pages\/1676\/revisions\/11567"}],"up":[{"embeddable":true,"href":"https:\/\/li-mac.org\/es\/wp-json\/wp\/v2\/pages\/1095"}],"wp:featuredmedia":[{"embeddable":true,"href":"https:\/\/li-mac.org\/es\/wp-json\/wp\/v2\/media\/1029"}],"wp:attachment":[{"href":"https:\/\/li-mac.org\/es\/wp-json\/wp\/v2\/media?parent=1676"}],"curies":[{"name":"wp","href":"https:\/\/api.w.org\/{rel}","templated":true}]}}