{"id":1678,"date":"2011-08-29T15:20:34","date_gmt":"2011-08-29T15:20:34","guid":{"rendered":"http:\/\/li-mac.org\/wp\/"},"modified":"2012-01-18T02:10:02","modified_gmt":"2012-01-18T02:10:02","slug":"the-aesthetic-of-the-twentieth-century","status":"publish","type":"page","link":"https:\/\/li-mac.org\/es\/library\/text-books-philosophy-anthropology\/book-covers\/the-aesthetic-of-the-twentieth-century\/","title":{"rendered":"La est\u00e9tica del siglo veinte"},"content":{"rendered":"<p>Esta pintura fue hecha al tama\u00f1o original del libro \u00abLa est\u00e9tica del siglo veinte\u00bb escrito por el profesor de est\u00e9tica Mario Perniola. El libro subraya como la est\u00e9tica del siglo veinte se propago en una multitud de entornos. Esta edici\u00f3n en espa\u00f1ol se public\u00f3 en 2001 por <em>Antonio Machado libros.<\/em><\/p>","protected":false},"excerpt":{"rendered":"<p><strong>Biblioteca LiMAC<\/strong><br \/>\n2010<br \/>\n\u00f3leo sobre lienzo<br \/>\n22 x 14 x 1,5 cm.<\/p>\n","protected":false},"author":2,"featured_media":1062,"parent":1095,"menu_order":1062,"comment_status":"open","ping_status":"open","template":"image.php","meta":{"footnotes":""},"class_list":["post-1678","page","type-page","status-publish","has-post-thumbnail","hentry"],"_links":{"self":[{"href":"https:\/\/li-mac.org\/es\/wp-json\/wp\/v2\/pages\/1678","targetHints":{"allow":["GET"]}}],"collection":[{"href":"https:\/\/li-mac.org\/es\/wp-json\/wp\/v2\/pages"}],"about":[{"href":"https:\/\/li-mac.org\/es\/wp-json\/wp\/v2\/types\/page"}],"author":[{"embeddable":true,"href":"https:\/\/li-mac.org\/es\/wp-json\/wp\/v2\/users\/2"}],"replies":[{"embeddable":true,"href":"https:\/\/li-mac.org\/es\/wp-json\/wp\/v2\/comments?post=1678"}],"version-history":[{"count":8,"href":"https:\/\/li-mac.org\/es\/wp-json\/wp\/v2\/pages\/1678\/revisions"}],"predecessor-version":[{"id":1736,"href":"https:\/\/li-mac.org\/es\/wp-json\/wp\/v2\/pages\/1678\/revisions\/1736"}],"up":[{"embeddable":true,"href":"https:\/\/li-mac.org\/es\/wp-json\/wp\/v2\/pages\/1095"}],"wp:featuredmedia":[{"embeddable":true,"href":"https:\/\/li-mac.org\/es\/wp-json\/wp\/v2\/media\/1062"}],"wp:attachment":[{"href":"https:\/\/li-mac.org\/es\/wp-json\/wp\/v2\/media?parent=1678"}],"curies":[{"name":"wp","href":"https:\/\/api.w.org\/{rel}","templated":true}]}}