{"id":16797,"date":"2013-01-29T13:06:22","date_gmt":"2013-01-29T13:06:22","guid":{"rendered":"http:\/\/li-mac.org\/?page_id=16797"},"modified":"2013-01-31T10:46:43","modified_gmt":"2013-01-31T10:46:43","slug":"you-are-here","status":"publish","type":"page","link":"https:\/\/li-mac.org\/es\/exhibitions\/temporary-exhibitions\/limac-in-guimaraes\/asa-tower\/you-are-here\/","title":{"rendered":"Usted esta aqu\u00ed"},"content":{"rendered":"<p>Esta exposici\u00f3n tuvo lugar del 18 al 21 de agosto de 2012 en el segundo piso de la torre dise\u00f1ada por Jo\u00e3o Mendes Ribeiro para el laboratorio de comisarios en la f\u00e1brica de ASA, incluye una serie de pinturas realizadas durante la primera visita del LiMAC a la ciudad de Guimar\u00e3es. Estas pinturas muestran situaciones que ocurrieron en la ciudad y se difundieron a espacios espec\u00edficos. Cuando desplazados de su contexto espacial, las pinturas ponen en duda la exactitud y la memoria mantenida de estos eventos en la mente de los visitantes.<\/p>","protected":false},"excerpt":{"rendered":"<p><strong>LiMAC<\/strong> <small>(Per\u00fa, 2002)<\/small><br \/>\n2012<br \/>\nTorre en f\u00e1brica ASA<br \/>\nVista de exposici\u00f3n<\/p>\n<p><small>(Guimaraes Capital Europea de la Cultura<br \/>\nProyecto laboratorio de curadores \/ Cortes\u00eda del artista)<\/small><\/p>\n","protected":false},"author":2,"featured_media":16771,"parent":16571,"menu_order":91,"comment_status":"open","ping_status":"open","template":"image.php","meta":{"footnotes":""},"class_list":["post-16797","page","type-page","status-publish","has-post-thumbnail","hentry"],"_links":{"self":[{"href":"https:\/\/li-mac.org\/es\/wp-json\/wp\/v2\/pages\/16797","targetHints":{"allow":["GET"]}}],"collection":[{"href":"https:\/\/li-mac.org\/es\/wp-json\/wp\/v2\/pages"}],"about":[{"href":"https:\/\/li-mac.org\/es\/wp-json\/wp\/v2\/types\/page"}],"author":[{"embeddable":true,"href":"https:\/\/li-mac.org\/es\/wp-json\/wp\/v2\/users\/2"}],"replies":[{"embeddable":true,"href":"https:\/\/li-mac.org\/es\/wp-json\/wp\/v2\/comments?post=16797"}],"version-history":[{"count":4,"href":"https:\/\/li-mac.org\/es\/wp-json\/wp\/v2\/pages\/16797\/revisions"}],"predecessor-version":[{"id":16839,"href":"https:\/\/li-mac.org\/es\/wp-json\/wp\/v2\/pages\/16797\/revisions\/16839"}],"up":[{"embeddable":true,"href":"https:\/\/li-mac.org\/es\/wp-json\/wp\/v2\/pages\/16571"}],"wp:featuredmedia":[{"embeddable":true,"href":"https:\/\/li-mac.org\/es\/wp-json\/wp\/v2\/media\/16771"}],"wp:attachment":[{"href":"https:\/\/li-mac.org\/es\/wp-json\/wp\/v2\/media?parent=16797"}],"curies":[{"name":"wp","href":"https:\/\/api.w.org\/{rel}","templated":true}]}}