{"id":1685,"date":"2011-08-29T15:50:48","date_gmt":"2011-08-29T15:50:48","guid":{"rendered":"http:\/\/li-mac.org\/wp\/"},"modified":"2012-01-18T03:16:31","modified_gmt":"2012-01-18T03:16:31","slug":"twilight-memories","status":"publish","type":"page","link":"https:\/\/li-mac.org\/es\/library\/text-books-philosophy-anthropology\/cultural-theory\/twilight-memories\/","title":{"rendered":"En busca del futuro perdido &#8211; Cultura y memoria en tiempos de Globalizaci\u00f3n"},"content":{"rendered":"<p>Esta pintura fue hecha al tama\u00f1o original del libro \u00abEn busca del Futuro Perdido\u00bb, escrito por el cr\u00edtico Andreas Huyssen. El libro analiza como este nuevo siglo reorganiza su memoria a trav\u00e9s de la cultura. Esta edici\u00f3n espa\u00f1ola fue publicada en 2002 por el <em>Fondo de Cultura Econ\u00f3mica <\/em>en M\u00e9xico.<\/p>","protected":false},"excerpt":{"rendered":"<p><strong>Biblioteca LiMAC<\/strong><br \/>\n2010<br \/>\n\u00f3leo sobre lienzo<br \/>\n21 x 13,5 x 1,5 cm.<\/p>\n","protected":false},"author":2,"featured_media":1082,"parent":3264,"menu_order":869,"comment_status":"open","ping_status":"open","template":"image.php","meta":{"footnotes":""},"class_list":["post-1685","page","type-page","status-publish","has-post-thumbnail","hentry"],"_links":{"self":[{"href":"https:\/\/li-mac.org\/es\/wp-json\/wp\/v2\/pages\/1685","targetHints":{"allow":["GET"]}}],"collection":[{"href":"https:\/\/li-mac.org\/es\/wp-json\/wp\/v2\/pages"}],"about":[{"href":"https:\/\/li-mac.org\/es\/wp-json\/wp\/v2\/types\/page"}],"author":[{"embeddable":true,"href":"https:\/\/li-mac.org\/es\/wp-json\/wp\/v2\/users\/2"}],"replies":[{"embeddable":true,"href":"https:\/\/li-mac.org\/es\/wp-json\/wp\/v2\/comments?post=1685"}],"version-history":[{"count":11,"href":"https:\/\/li-mac.org\/es\/wp-json\/wp\/v2\/pages\/1685\/revisions"}],"predecessor-version":[{"id":11631,"href":"https:\/\/li-mac.org\/es\/wp-json\/wp\/v2\/pages\/1685\/revisions\/11631"}],"up":[{"embeddable":true,"href":"https:\/\/li-mac.org\/es\/wp-json\/wp\/v2\/pages\/3264"}],"wp:featuredmedia":[{"embeddable":true,"href":"https:\/\/li-mac.org\/es\/wp-json\/wp\/v2\/media\/1082"}],"wp:attachment":[{"href":"https:\/\/li-mac.org\/es\/wp-json\/wp\/v2\/media?parent=1685"}],"curies":[{"name":"wp","href":"https:\/\/api.w.org\/{rel}","templated":true}]}}