{"id":16862,"date":"2013-02-02T00:13:30","date_gmt":"2013-02-02T00:13:30","guid":{"rendered":"http:\/\/li-mac.org\/?page_id=16862"},"modified":"2013-02-02T00:13:30","modified_gmt":"2013-02-02T00:13:30","slug":"bookworks-revisited","status":"publish","type":"page","link":"https:\/\/li-mac.org\/es\/exhibitions\/temporary-exhibitions\/collection-the-foundational-crime\/works\/bookworks-revisited\/","title":{"rendered":"Libros de artista re-examinados"},"content":{"rendered":"<p><em>Bookworks Revisited <\/em>es la revisi\u00f3n en video de un ensayo con el mismo t\u00edtulo, escrito en 1979, donde Ulises Carri\u00f3n acu\u00f1a el t\u00e9rmino <em>bookwork<\/em>, el cual se caracteriza por dejar de considerar el formato del libro como una mera acumulaci\u00f3n narrativa. Los libros presentados, por tanto, son enunciados y descritos como obras de arte. Carri\u00f3n muestra alrededor de 72 libros de artista y explica brevemente el discurso que desencadena cada pieza bajo sus propias categor\u00edas de catalogaci\u00f3n.<\/p>","protected":false},"excerpt":{"rendered":"<p><strong>Ulises Carri\u00f3n<\/strong> <small>(Mexico, 1941 &#8211; Holanda, 1989))<\/small><br \/>\n1986<br \/>\nVideo \/ 29:36 minutos<br \/>\nAcervo Bill H. Ritchie<\/p>\n<p><small>(Cortes\u00eda MUCA Roma)<\/small><\/p>\n","protected":false},"author":2,"featured_media":16854,"parent":16458,"menu_order":109,"comment_status":"open","ping_status":"open","template":"image.php","meta":{"footnotes":""},"class_list":["post-16862","page","type-page","status-publish","has-post-thumbnail","hentry"],"_links":{"self":[{"href":"https:\/\/li-mac.org\/es\/wp-json\/wp\/v2\/pages\/16862","targetHints":{"allow":["GET"]}}],"collection":[{"href":"https:\/\/li-mac.org\/es\/wp-json\/wp\/v2\/pages"}],"about":[{"href":"https:\/\/li-mac.org\/es\/wp-json\/wp\/v2\/types\/page"}],"author":[{"embeddable":true,"href":"https:\/\/li-mac.org\/es\/wp-json\/wp\/v2\/users\/2"}],"replies":[{"embeddable":true,"href":"https:\/\/li-mac.org\/es\/wp-json\/wp\/v2\/comments?post=16862"}],"version-history":[{"count":1,"href":"https:\/\/li-mac.org\/es\/wp-json\/wp\/v2\/pages\/16862\/revisions"}],"predecessor-version":[{"id":16864,"href":"https:\/\/li-mac.org\/es\/wp-json\/wp\/v2\/pages\/16862\/revisions\/16864"}],"up":[{"embeddable":true,"href":"https:\/\/li-mac.org\/es\/wp-json\/wp\/v2\/pages\/16458"}],"wp:featuredmedia":[{"embeddable":true,"href":"https:\/\/li-mac.org\/es\/wp-json\/wp\/v2\/media\/16854"}],"wp:attachment":[{"href":"https:\/\/li-mac.org\/es\/wp-json\/wp\/v2\/media?parent=16862"}],"curies":[{"name":"wp","href":"https:\/\/api.w.org\/{rel}","templated":true}]}}