{"id":1687,"date":"2011-08-29T15:54:36","date_gmt":"2011-08-29T15:54:36","guid":{"rendered":"http:\/\/li-mac.org\/wp\/"},"modified":"2012-01-18T03:56:04","modified_gmt":"2012-01-18T03:56:04","slug":"el-alma-esta-en-el-cerebro","status":"publish","type":"page","link":"https:\/\/li-mac.org\/es\/library\/text-books-philosophy-anthropology\/art-theory\/el-alma-esta-en-el-cerebro\/","title":{"rendered":"El alma est\u00e1 en el cerebro &#8211; Radiograf\u00eda de la m\u00e1quina de pensar"},"content":{"rendered":"<p>Esta pintura fue hecha al tama\u00f1o original del libro \u00abEl alma est\u00e1 en el cerebro\u00bb, escrito por el historiador de ciencias Eduardo Punset. El ensayo analiza la construcci\u00f3n del cerebro en relaci\u00f3n con nuestra identidad. Esta segunda edici\u00f3n en espa\u00f1ol fue publicada en 2008 por <em>Punto de Lectura<\/em>.<\/p>","protected":false},"excerpt":{"rendered":"<p><strong>Biblioteca LiMAC<\/strong><br \/>\n2010<br \/>\n\u00f3leo sobre lienzo<br \/>\n19 x 12,5 x 2,5 cm.<\/p>\n","protected":false},"author":2,"featured_media":1085,"parent":3232,"menu_order":846,"comment_status":"open","ping_status":"open","template":"image.php","meta":{"footnotes":""},"class_list":["post-1687","page","type-page","status-publish","has-post-thumbnail","hentry"],"_links":{"self":[{"href":"https:\/\/li-mac.org\/es\/wp-json\/wp\/v2\/pages\/1687","targetHints":{"allow":["GET"]}}],"collection":[{"href":"https:\/\/li-mac.org\/es\/wp-json\/wp\/v2\/pages"}],"about":[{"href":"https:\/\/li-mac.org\/es\/wp-json\/wp\/v2\/types\/page"}],"author":[{"embeddable":true,"href":"https:\/\/li-mac.org\/es\/wp-json\/wp\/v2\/users\/2"}],"replies":[{"embeddable":true,"href":"https:\/\/li-mac.org\/es\/wp-json\/wp\/v2\/comments?post=1687"}],"version-history":[{"count":9,"href":"https:\/\/li-mac.org\/es\/wp-json\/wp\/v2\/pages\/1687\/revisions"}],"predecessor-version":[{"id":11666,"href":"https:\/\/li-mac.org\/es\/wp-json\/wp\/v2\/pages\/1687\/revisions\/11666"}],"up":[{"embeddable":true,"href":"https:\/\/li-mac.org\/es\/wp-json\/wp\/v2\/pages\/3232"}],"wp:featuredmedia":[{"embeddable":true,"href":"https:\/\/li-mac.org\/es\/wp-json\/wp\/v2\/media\/1085"}],"wp:attachment":[{"href":"https:\/\/li-mac.org\/es\/wp-json\/wp\/v2\/media?parent=1687"}],"curies":[{"name":"wp","href":"https:\/\/api.w.org\/{rel}","templated":true}]}}