{"id":1690,"date":"2011-08-29T19:28:06","date_gmt":"2011-08-29T19:28:06","guid":{"rendered":"http:\/\/li-mac.org\/wp\/"},"modified":"2012-01-18T03:11:08","modified_gmt":"2012-01-18T03:11:08","slug":"on-laughter-sobre-la-risa","status":"publish","type":"page","link":"https:\/\/li-mac.org\/es\/library\/text-books-philosophy-anthropology\/cultural-theory\/on-laughter-sobre-la-risa\/","title":{"rendered":"Sobre la risa"},"content":{"rendered":"<p>Esta pintura fue hecha al tama\u00f1o original de la revista Acto. El n\u00famero 2-3 tiene como tem\u00e1tica de la risa en el arte. Esta revista de \u00abpensamiento art\u00edstico contemporaneo\u00bb fue publicada en 2005.<\/p>","protected":false},"excerpt":{"rendered":"<p><strong>Biblioteca LiMAC<\/strong><br \/>\n2010<br \/>\noil on canvas<br \/>\n23 x 16,5 x 2 cm.<\/p>\n","protected":false},"author":2,"featured_media":1015,"parent":3264,"menu_order":866,"comment_status":"open","ping_status":"open","template":"image.php","meta":{"footnotes":""},"class_list":["post-1690","page","type-page","status-publish","has-post-thumbnail","hentry"],"_links":{"self":[{"href":"https:\/\/li-mac.org\/es\/wp-json\/wp\/v2\/pages\/1690","targetHints":{"allow":["GET"]}}],"collection":[{"href":"https:\/\/li-mac.org\/es\/wp-json\/wp\/v2\/pages"}],"about":[{"href":"https:\/\/li-mac.org\/es\/wp-json\/wp\/v2\/types\/page"}],"author":[{"embeddable":true,"href":"https:\/\/li-mac.org\/es\/wp-json\/wp\/v2\/users\/2"}],"replies":[{"embeddable":true,"href":"https:\/\/li-mac.org\/es\/wp-json\/wp\/v2\/comments?post=1690"}],"version-history":[{"count":9,"href":"https:\/\/li-mac.org\/es\/wp-json\/wp\/v2\/pages\/1690\/revisions"}],"predecessor-version":[{"id":1746,"href":"https:\/\/li-mac.org\/es\/wp-json\/wp\/v2\/pages\/1690\/revisions\/1746"}],"up":[{"embeddable":true,"href":"https:\/\/li-mac.org\/es\/wp-json\/wp\/v2\/pages\/3264"}],"wp:featuredmedia":[{"embeddable":true,"href":"https:\/\/li-mac.org\/es\/wp-json\/wp\/v2\/media\/1015"}],"wp:attachment":[{"href":"https:\/\/li-mac.org\/es\/wp-json\/wp\/v2\/media?parent=1690"}],"curies":[{"name":"wp","href":"https:\/\/api.w.org\/{rel}","templated":true}]}}